{"id":10392,"date":"2024-07-03T10:55:46","date_gmt":"2024-07-03T08:55:46","guid":{"rendered":"https:\/\/futerri.cat\/?page_id=10392"},"modified":"2024-12-12T17:52:36","modified_gmt":"2024-12-12T15:52:36","slug":"mobles-perpinya-2","status":"publish","type":"page","link":"https:\/\/futerri.cat\/en\/mobles-perpinya-2\/","title":{"rendered":"MOBLES PERPINY\u00c0"},"content":{"rendered":"\t\t<div data-elementor-type=\"wp-page\" data-elementor-id=\"10392\" class=\"elementor elementor-10392\" data-elementor-settings=\"{&quot;page_masthead_image_height&quot;:{&quot;unit&quot;:&quot;px&quot;,&quot;size&quot;:900,&quot;sizes&quot;:[]},&quot;page_masthead_image_height_tablet&quot;:{&quot;unit&quot;:&quot;vh&quot;,&quot;size&quot;:70,&quot;sizes&quot;:[]},&quot;page_masthead_image_height_mobile&quot;:{&quot;unit&quot;:&quot;vh&quot;,&quot;size&quot;:50,&quot;sizes&quot;:[]},&quot;page_masthead_background_position_x&quot;:{&quot;unit&quot;:&quot;%&quot;,&quot;size&quot;:50,&quot;sizes&quot;:[]},&quot;page_masthead_background_position_x_tablet&quot;:{&quot;unit&quot;:&quot;%&quot;,&quot;size&quot;:50,&quot;sizes&quot;:[]},&quot;page_masthead_background_position_x_mobile&quot;:{&quot;unit&quot;:&quot;%&quot;,&quot;size&quot;:50,&quot;sizes&quot;:[]},&quot;page_masthead_background_position_y&quot;:{&quot;unit&quot;:&quot;%&quot;,&quot;size&quot;:50,&quot;sizes&quot;:[]},&quot;page_masthead_background_position_y_tablet&quot;:{&quot;unit&quot;:&quot;%&quot;,&quot;size&quot;:50,&quot;sizes&quot;:[]},&quot;page_masthead_background_position_y_mobile&quot;:{&quot;unit&quot;:&quot;%&quot;,&quot;size&quot;:50,&quot;sizes&quot;:[]},&quot;rhye_hide_title_disabled&quot;:&quot;yes&quot;}\" data-elementor-post-type=\"page\">\n\t\t\t\t<div class=\"elementor-element elementor-element-856ec91 e-flex e-con-boxed e-con e-parent\" data-id=\"856ec91\" data-element_type=\"container\" data-e-type=\"container\">\n\t\t\t\t\t<div class=\"e-con-inner\">\n\t\t\t\t<div class=\"elementor-element elementor-element-7479d91 elementor-widget__width-inherit elementor-widget elementor-widget-html\" data-id=\"7479d91\" data-element_type=\"widget\" data-e-type=\"widget\" data-widget_type=\"html.default\">\n\t\t\t\t<div class=\"elementor-widget-container\">\n\t\t\t\t\t<iframe src=\"https:\/\/my.spline.design\/untitled-7aec5a3c8f7b933b94d52b9839a9041c\/\" frameborder=\"0\" width=\"100%\" height=\"100%\"><\/iframe>\t\t\t\t<\/div>\n\t\t\t\t<\/div>\n\t\t\t\t\t<\/div>\n\t\t\t\t<\/div>\n\t\t\t\t<\/div>\n\t\t","protected":false},"excerpt":{"rendered":"","protected":false},"author":1,"featured_media":0,"parent":0,"menu_order":0,"comment_status":"closed","ping_status":"closed","template":"","meta":{"_acf_changed":false,"footnotes":""},"class_list":["post-10392","page","type-page","status-publish","hentry"],"acf":[],"yoast_head":"<!-- This site is optimized with the Yoast SEO plugin v27.3 - https:\/\/yoast.com\/product\/yoast-seo-wordpress\/ -->\n<title>MOBLES PERPINY\u00c0 - Futerri<\/title>\n<meta name=\"robots\" content=\"index, follow, max-snippet:-1, max-image-preview:large, max-video-preview:-1\" \/>\n<link rel=\"canonical\" href=\"https:\/\/futerri.cat\/en\/mobles-perpinya-2\/\" \/>\n<meta property=\"og:locale\" content=\"en_US\" \/>\n<meta property=\"og:type\" content=\"article\" \/>\n<meta property=\"og:title\" content=\"MOBLES PERPINY\u00c0 - Futerri\" \/>\n<meta property=\"og:url\" content=\"https:\/\/futerri.cat\/en\/mobles-perpinya-2\/\" \/>\n<meta property=\"og:site_name\" content=\"Futerri\" \/>\n<meta property=\"article:publisher\" content=\"https:\/\/www.facebook.com\/futerriagencia\" \/>\n<meta property=\"article:modified_time\" content=\"2024-12-12T15:52:36+00:00\" \/>\n<meta name=\"twitter:card\" content=\"summary_large_image\" \/>\n<script type=\"application\/ld+json\" class=\"yoast-schema-graph\">{\"@context\":\"https:\\\/\\\/schema.org\",\"@graph\":[{\"@type\":\"WebPage\",\"@id\":\"https:\\\/\\\/futerri.cat\\\/en\\\/mobles-perpinya-2\\\/\",\"url\":\"https:\\\/\\\/futerri.cat\\\/en\\\/mobles-perpinya-2\\\/\",\"name\":\"MOBLES PERPINY\u00c0 - Futerri\",\"isPartOf\":{\"@id\":\"https:\\\/\\\/futerri.cat\\\/en\\\/#website\"},\"datePublished\":\"2024-07-03T08:55:46+00:00\",\"dateModified\":\"2024-12-12T15:52:36+00:00\",\"breadcrumb\":{\"@id\":\"https:\\\/\\\/futerri.cat\\\/en\\\/mobles-perpinya-2\\\/#breadcrumb\"},\"inLanguage\":\"en-US\",\"potentialAction\":[{\"@type\":\"ReadAction\",\"target\":[\"https:\\\/\\\/futerri.cat\\\/en\\\/mobles-perpinya-2\\\/\"]}]},{\"@type\":\"BreadcrumbList\",\"@id\":\"https:\\\/\\\/futerri.cat\\\/en\\\/mobles-perpinya-2\\\/#breadcrumb\",\"itemListElement\":[{\"@type\":\"ListItem\",\"position\":1,\"name\":\"Inici\",\"item\":\"https:\\\/\\\/futerri.cat\\\/en\\\/\"},{\"@type\":\"ListItem\",\"position\":2,\"name\":\"MOBLES PERPINY\u00c0\"}]},{\"@type\":\"WebSite\",\"@id\":\"https:\\\/\\\/futerri.cat\\\/en\\\/#website\",\"url\":\"https:\\\/\\\/futerri.cat\\\/en\\\/\",\"name\":\"Futerri Ag\u00e8ncia Creativa\",\"description\":\"Ag\u00e8ncia Creativa de br\u00e0nding, web i v\u00eddeo.\",\"publisher\":{\"@id\":\"https:\\\/\\\/futerri.cat\\\/en\\\/#organization\"},\"potentialAction\":[{\"@type\":\"SearchAction\",\"target\":{\"@type\":\"EntryPoint\",\"urlTemplate\":\"https:\\\/\\\/futerri.cat\\\/en\\\/?s={search_term_string}\"},\"query-input\":{\"@type\":\"PropertyValueSpecification\",\"valueRequired\":true,\"valueName\":\"search_term_string\"}}],\"inLanguage\":\"en-US\"},{\"@type\":\"Organization\",\"@id\":\"https:\\\/\\\/futerri.cat\\\/en\\\/#organization\",\"name\":\"Futerri Ag\u00e8ncia Creativa\",\"url\":\"https:\\\/\\\/futerri.cat\\\/en\\\/\",\"logo\":{\"@type\":\"ImageObject\",\"inLanguage\":\"en-US\",\"@id\":\"https:\\\/\\\/futerri.cat\\\/en\\\/#\\\/schema\\\/logo\\\/image\\\/\",\"url\":\"https:\\\/\\\/futerri.cat\\\/wp-content\\\/uploads\\\/2022\\\/04\\\/Futerri-agencia-web600-min.gif\",\"contentUrl\":\"https:\\\/\\\/futerri.cat\\\/wp-content\\\/uploads\\\/2022\\\/04\\\/Futerri-agencia-web600-min.gif\",\"width\":600,\"height\":142,\"caption\":\"Futerri Ag\u00e8ncia Creativa\"},\"image\":{\"@id\":\"https:\\\/\\\/futerri.cat\\\/en\\\/#\\\/schema\\\/logo\\\/image\\\/\"},\"sameAs\":[\"https:\\\/\\\/www.facebook.com\\\/futerriagencia\",\"https:\\\/\\\/www.instagram.com\\\/futerri_agencia\\\/\",\"https:\\\/\\\/www.behance.net\\\/Futerri\\\/\",\"https:\\\/\\\/www.linkedin.com\\\/company\\\/72820841\"]}]}<\/script>\n<!-- \/ Yoast SEO plugin. -->","yoast_head_json":{"title":"MOBLES PERPINY\u00c0 - Futerri","robots":{"index":"index","follow":"follow","max-snippet":"max-snippet:-1","max-image-preview":"max-image-preview:large","max-video-preview":"max-video-preview:-1"},"canonical":"https:\/\/futerri.cat\/en\/mobles-perpinya-2\/","og_locale":"en_US","og_type":"article","og_title":"MOBLES PERPINY\u00c0 - Futerri","og_url":"https:\/\/futerri.cat\/en\/mobles-perpinya-2\/","og_site_name":"Futerri","article_publisher":"https:\/\/www.facebook.com\/futerriagencia","article_modified_time":"2024-12-12T15:52:36+00:00","twitter_card":"summary_large_image","schema":{"@context":"https:\/\/schema.org","@graph":[{"@type":"WebPage","@id":"https:\/\/futerri.cat\/en\/mobles-perpinya-2\/","url":"https:\/\/futerri.cat\/en\/mobles-perpinya-2\/","name":"MOBLES PERPINY\u00c0 - Futerri","isPartOf":{"@id":"https:\/\/futerri.cat\/en\/#website"},"datePublished":"2024-07-03T08:55:46+00:00","dateModified":"2024-12-12T15:52:36+00:00","breadcrumb":{"@id":"https:\/\/futerri.cat\/en\/mobles-perpinya-2\/#breadcrumb"},"inLanguage":"en-US","potentialAction":[{"@type":"ReadAction","target":["https:\/\/futerri.cat\/en\/mobles-perpinya-2\/"]}]},{"@type":"BreadcrumbList","@id":"https:\/\/futerri.cat\/en\/mobles-perpinya-2\/#breadcrumb","itemListElement":[{"@type":"ListItem","position":1,"name":"Inici","item":"https:\/\/futerri.cat\/en\/"},{"@type":"ListItem","position":2,"name":"MOBLES PERPINY\u00c0"}]},{"@type":"WebSite","@id":"https:\/\/futerri.cat\/en\/#website","url":"https:\/\/futerri.cat\/en\/","name":"Futerri Ag\u00e8ncia Creativa","description":"Ag\u00e8ncia Creativa de br\u00e0nding, web i v\u00eddeo.","publisher":{"@id":"https:\/\/futerri.cat\/en\/#organization"},"potentialAction":[{"@type":"SearchAction","target":{"@type":"EntryPoint","urlTemplate":"https:\/\/futerri.cat\/en\/?s={search_term_string}"},"query-input":{"@type":"PropertyValueSpecification","valueRequired":true,"valueName":"search_term_string"}}],"inLanguage":"en-US"},{"@type":"Organization","@id":"https:\/\/futerri.cat\/en\/#organization","name":"Futerri Ag\u00e8ncia Creativa","url":"https:\/\/futerri.cat\/en\/","logo":{"@type":"ImageObject","inLanguage":"en-US","@id":"https:\/\/futerri.cat\/en\/#\/schema\/logo\/image\/","url":"https:\/\/futerri.cat\/wp-content\/uploads\/2022\/04\/Futerri-agencia-web600-min.gif","contentUrl":"https:\/\/futerri.cat\/wp-content\/uploads\/2022\/04\/Futerri-agencia-web600-min.gif","width":600,"height":142,"caption":"Futerri Ag\u00e8ncia Creativa"},"image":{"@id":"https:\/\/futerri.cat\/en\/#\/schema\/logo\/image\/"},"sameAs":["https:\/\/www.facebook.com\/futerriagencia","https:\/\/www.instagram.com\/futerri_agencia\/","https:\/\/www.behance.net\/Futerri\/","https:\/\/www.linkedin.com\/company\/72820841"]}]}},"_links":{"self":[{"href":"https:\/\/futerri.cat\/en\/wp-json\/wp\/v2\/pages\/10392","targetHints":{"allow":["GET"]}}],"collection":[{"href":"https:\/\/futerri.cat\/en\/wp-json\/wp\/v2\/pages"}],"about":[{"href":"https:\/\/futerri.cat\/en\/wp-json\/wp\/v2\/types\/page"}],"author":[{"embeddable":true,"href":"https:\/\/futerri.cat\/en\/wp-json\/wp\/v2\/users\/1"}],"replies":[{"embeddable":true,"href":"https:\/\/futerri.cat\/en\/wp-json\/wp\/v2\/comments?post=10392"}],"version-history":[{"count":0,"href":"https:\/\/futerri.cat\/en\/wp-json\/wp\/v2\/pages\/10392\/revisions"}],"wp:attachment":[{"href":"https:\/\/futerri.cat\/en\/wp-json\/wp\/v2\/media?parent=10392"}],"curies":[{"name":"wp","href":"https:\/\/api.w.org\/{rel}","templated":true}]}}