{"id":12403,"date":"2025-10-01T08:41:11","date_gmt":"2025-10-01T06:41:11","guid":{"rendered":"https:\/\/futerri.cat\/privacy-policy-social-networks\/"},"modified":"2025-10-01T08:41:11","modified_gmt":"2025-10-01T06:41:11","slug":"privacy-policy-social-networks","status":"publish","type":"page","link":"https:\/\/futerri.cat\/en\/privacy-policy-social-networks\/","title":{"rendered":"Privacy Policy Social Networks"},"content":{"rendered":"\t\t<div data-elementor-type=\"wp-page\" data-elementor-id=\"12403\" class=\"elementor elementor-12403 elementor-12397\" data-elementor-settings=\"{&quot;page_masthead_image_height&quot;:{&quot;unit&quot;:&quot;px&quot;,&quot;size&quot;:900,&quot;sizes&quot;:[]},&quot;page_masthead_image_height_tablet&quot;:{&quot;unit&quot;:&quot;vh&quot;,&quot;size&quot;:70,&quot;sizes&quot;:[]},&quot;page_masthead_image_height_mobile&quot;:{&quot;unit&quot;:&quot;vh&quot;,&quot;size&quot;:50,&quot;sizes&quot;:[]},&quot;page_masthead_background_position_x&quot;:{&quot;unit&quot;:&quot;%&quot;,&quot;size&quot;:50,&quot;sizes&quot;:[]},&quot;page_masthead_background_position_x_tablet&quot;:{&quot;unit&quot;:&quot;%&quot;,&quot;size&quot;:50,&quot;sizes&quot;:[]},&quot;page_masthead_background_position_x_mobile&quot;:{&quot;unit&quot;:&quot;%&quot;,&quot;size&quot;:50,&quot;sizes&quot;:[]},&quot;page_masthead_background_position_y&quot;:{&quot;unit&quot;:&quot;%&quot;,&quot;size&quot;:50,&quot;sizes&quot;:[]},&quot;page_masthead_background_position_y_tablet&quot;:{&quot;unit&quot;:&quot;%&quot;,&quot;size&quot;:50,&quot;sizes&quot;:[]},&quot;page_masthead_background_position_y_mobile&quot;:{&quot;unit&quot;:&quot;%&quot;,&quot;size&quot;:50,&quot;sizes&quot;:[]},&quot;rhye_hide_title_disabled&quot;:&quot;yes&quot;}\" data-elementor-post-type=\"page\">\n\t\t\t\t<div class=\"elementor-element elementor-element-d783fdf e-flex e-con-boxed e-con e-parent\" data-id=\"d783fdf\" data-element_type=\"container\" data-e-type=\"container\">\n\t\t\t\t\t<div class=\"e-con-inner\">\n\t\t\t\t<div class=\"elementor-element elementor-element-7422832 elementor-widget elementor-widget-text-editor\" data-id=\"7422832\" data-element_type=\"widget\" data-e-type=\"widget\" data-widget_type=\"text-editor.default\">\n\t\t\t\t<div class=\"elementor-widget-container\">\n\t\t\t\t\t\t\t\t\t<p>S\u2019informa que <b>FUTERRI AC, S.L.U<\/b> pot tenir pres\u00e8ncia en xarxes socials i, el Lloc web, pot oferir enlla\u00e7os a aquestes xarxes socials, professionals i llocs i canals web externs. <b>FUTERRI<\/b> no assumeix cap responsabilitat en relaci\u00f3 amb aquests llocs enlla\u00e7ats. La persona usu\u00e0ria que accedeixi a xarxes socials i llocs i canals web externs, relacionats amb <b>FUTERRI<\/b>, des dels enlla\u00e7os ubicats en aquest lloc web o de qualsevol altra forma, queda pr\u00e8viament i expressament informada que les condicions d\u2019\u00fas, pol\u00edtiques de privadesa, pol\u00edtiques de cookies i qualssevol condicions i normatives depenen de les entitats responsables d\u2019aquestes xarxes socials i llocs i canals web i, mai de <b>FUTERRI<\/b>.<\/p>\n<p>El tractament de les dades que es dugui a terme de les persones que es facin seguidores de les xarxes socials (i\/o facin qualsevol vincle o acci\u00f3 de connexi\u00f3 a trav\u00e9s de xarxes socials), de les p\u00e0gines web oficials de <b>FUTERRI<\/b>, es regir\u00e0 per aquest apartat, aix\u00ed com per aquelles condicions d\u2019\u00fas, pol\u00edtiques de privadesa i normatives d\u2019acc\u00e9s que pertanyin a la xarxa social que procedeixi en cada cas i siguin acceptades pr\u00e8viament per l\u2019usuari.<\/p>\n<p>En registrar-se i\/o subscriure\u2019s als perfils de la xarxa social de <b>FUTERRI<\/b>, la persona usu\u00e0ria atorga el seu consentiment expr\u00e9s a <b>FUTERRI<\/b>, per al tractament de les seves dades personals d\u2019acord amb aquesta Pol\u00edtica de Privadesa.<\/p>\n<p><b>FUTERRI<\/b> tractar\u00e0 les vostres dades amb la finalitat de contactar amb la persona usu\u00e0ria i atendre les consultes i sol\u00b7licituds que formuli, enviar comunicacions informatives i comercials, gestionar esdeveniments, concursos, invitacions, sorteigs i activitats similars, con\u00e8ixer l\u2019opini\u00f3 o valoraci\u00f3 de la persona usu\u00e0ria sobre <b>FUTERRI<\/b> i les seves publicacions, aix\u00ed com gestionar, en general, la pres\u00e8ncia de <b>FUTERRI<\/b> a les xarxes socials i professionals<\/p>\n<p>S\u2019informa a les persones usu\u00e0ries que les informacions i continguts (dades, textos, v\u00eddeos, so, fotografies, gr\u00e0fics, comentaris, missatges o altre material) que publiquin a trav\u00e9s de les xarxes socials de <b>FUTERRI<\/b>, (incl\u00f2s, en el seu cas, dades personals) poden quedar a disposici\u00f3 p\u00fablica d\u2019altres persones usu\u00e0ries de les xarxes socials i, podran ser visibles, comentades i compartides lliurement pels seus visitants, en els termes que estableixi cada xarxa social.<\/p>\n<p>Des de la configuraci\u00f3 del perfil d\u2019usuari de cada xarxa social, la persona usu\u00e0ria pot configurar quina informaci\u00f3 vol fer p\u00fablica en cada cas, veure els permisos que ha concedit, eliminar-los o desactivar-los, i gestionar-ne les publicacions segons el criteri i les normes d\u2019utilitzaci\u00f3 de cada xarxa social.<\/p>\n<p>La persona usu\u00e0ria ser\u00e0 l\u2019\u00fanica responsable que les seves publicacions respectin la legislaci\u00f3 vigent, les normes d\u2019\u00fas i pol\u00edtiques de privadesa establertes per la xarxa social corresponent i, <b>FUTERRI<\/b>, en aquest cas, no assumeix cap responsabilitat en relaci\u00f3 amb les publicacions que cada persona usu\u00e0ria faci. <b>FUTERRI<\/b> eliminar\u00e0 de forma unilateral i sense av\u00eds previ aquells continguts que consideri que infringeixen la legislaci\u00f3 vigent, les normes d\u2019\u00fas i pol\u00edtiques de privadesa establertes, o que consideri inadequats.<\/p>\n<p>Queda prohibida la publicaci\u00f3 de continguts:<\/p>\n<ul>\n<li>Que siguin presumptament il\u00b7l\u00edcits per la normativa nacional, comunit\u00e0ria o internacional o que realitzin activitats presumptament il\u00b7l\u00edcites o contravinguin els principis de la bona fe.<\/li>\n<li>Que atemptin contra els drets fonamentals de les persones, faltin a la cortesia dins la xarxa, molestin o puguin generar opinions negatives dels nostres usuaris o tercers i en general qualsevol contingut que\u00a0<b>FUTERRI\u00a0<\/b>\u00a0consideri inapropiats.<\/li>\n<li>I, en general, que contravinguin els principis de legalitat, honradesa, responsabilitat, protecci\u00f3 de la dignitat humana, protecci\u00f3 de menors, protecci\u00f3 de l\u2019ordre p\u00fablic, la protecci\u00f3 de la vida privada, la protecci\u00f3 del consumidor i els drets de propietat intel\u00b7lectual i industrial.<\/li>\n<\/ul>\n<p>Aix\u00ed mateix,\u00a0<b>FUTERRI\u00a0<\/b>\u00a0es reserva la potestat de retirar, sense previ av\u00eds, del Lloc web o de la xarxa social corporativa aquells continguts que es consideren inadequats.<\/p>\n<p>En tot cas, si vost\u00e8 remet informaci\u00f3 personal a trav\u00e9s de la xarxa social,\u00a0<b>FUTERRI\u00a0\u00a0<\/b>quedar\u00e0 exempta de responsabilitat en relaci\u00f3 a les mesures de seguretat aplicables al present Lloc web i l\u2019usuari, en cas de voler con\u00e8ixer-les, ha de consultar les corresponents condicions particulars de la xarxa en q\u00fcesti\u00f3.<\/p>\n<p>Si la persona usu\u00e0ria, vol deixar de seguir els canals oficials en xarxes socials de <b>FUTERRI<\/b>, ho ha de fer utilitzant les eines disposades a aquest efecte per cada xarxa social.<\/p>\t\t\t\t\t\t\t\t<\/div>\n\t\t\t\t<\/div>\n\t\t\t\t\t<\/div>\n\t\t\t\t<\/div>\n\t\t\t\t<\/div>\n\t\t","protected":false},"excerpt":{"rendered":"<p>It is reported that FUTERRI AC, S.L.U, may have a presence on social networks and the Website may offer links to these social networks, professionals and external web sites and channels. FUTERRI assumes no liability in relation to these linked sites. The user who accesses social networks and external web sites and channels, related to [&hellip;]<\/p>\n","protected":false},"author":1,"featured_media":0,"parent":0,"menu_order":0,"comment_status":"closed","ping_status":"closed","template":"","meta":{"_acf_changed":false,"footnotes":""},"class_list":["post-12403","page","type-page","status-publish","hentry"],"acf":[],"yoast_head":"<!-- This site is optimized with the Yoast SEO plugin v27.5 - https:\/\/yoast.com\/product\/yoast-seo-wordpress\/ -->\n<title>Privacy Policy Social Networks - Futerri<\/title>\n<meta name=\"robots\" content=\"index, follow, max-snippet:-1, max-image-preview:large, max-video-preview:-1\" \/>\n<link rel=\"canonical\" href=\"https:\/\/futerri.cat\/en\/privacy-policy-social-networks\/\" \/>\n<meta property=\"og:locale\" content=\"en_US\" \/>\n<meta property=\"og:type\" content=\"article\" \/>\n<meta property=\"og:title\" content=\"Privacy Policy Social Networks - Futerri\" \/>\n<meta property=\"og:description\" content=\"It is reported that FUTERRI AC, S.L.U, may have a presence on social networks and the Website may offer links to these social networks, professionals and external web sites and channels. FUTERRI assumes no liability in relation to these linked sites. The user who accesses social networks and external web sites and channels, related to [&hellip;]\" \/>\n<meta property=\"og:url\" content=\"https:\/\/futerri.cat\/en\/privacy-policy-social-networks\/\" \/>\n<meta property=\"og:site_name\" content=\"Futerri\" \/>\n<meta property=\"article:publisher\" content=\"https:\/\/www.facebook.com\/futerriagencia\" \/>\n<meta name=\"twitter:card\" content=\"summary_large_image\" \/>\n<meta name=\"twitter:label1\" content=\"Est. reading time\" \/>\n\t<meta name=\"twitter:data1\" content=\"3 minutes\" \/>\n<script type=\"application\/ld+json\" class=\"yoast-schema-graph\">{\"@context\":\"https:\\\/\\\/schema.org\",\"@graph\":[{\"@type\":\"WebPage\",\"@id\":\"https:\\\/\\\/futerri.cat\\\/en\\\/privacy-policy-social-networks\\\/\",\"url\":\"https:\\\/\\\/futerri.cat\\\/en\\\/privacy-policy-social-networks\\\/\",\"name\":\"Privacy Policy Social Networks - Futerri\",\"isPartOf\":{\"@id\":\"https:\\\/\\\/futerri.cat\\\/en\\\/#website\"},\"datePublished\":\"2025-10-01T06:41:11+00:00\",\"breadcrumb\":{\"@id\":\"https:\\\/\\\/futerri.cat\\\/en\\\/privacy-policy-social-networks\\\/#breadcrumb\"},\"inLanguage\":\"en-US\",\"potentialAction\":[{\"@type\":\"ReadAction\",\"target\":[\"https:\\\/\\\/futerri.cat\\\/en\\\/privacy-policy-social-networks\\\/\"]}]},{\"@type\":\"BreadcrumbList\",\"@id\":\"https:\\\/\\\/futerri.cat\\\/en\\\/privacy-policy-social-networks\\\/#breadcrumb\",\"itemListElement\":[{\"@type\":\"ListItem\",\"position\":1,\"name\":\"Inici\",\"item\":\"https:\\\/\\\/futerri.cat\\\/en\\\/\"},{\"@type\":\"ListItem\",\"position\":2,\"name\":\"Privacy Policy Social Networks\"}]},{\"@type\":\"WebSite\",\"@id\":\"https:\\\/\\\/futerri.cat\\\/en\\\/#website\",\"url\":\"https:\\\/\\\/futerri.cat\\\/en\\\/\",\"name\":\"Futerri Ag\u00e8ncia Creativa\",\"description\":\"Ag\u00e8ncia Creativa de br\u00e0nding, web i v\u00eddeo.\",\"publisher\":{\"@id\":\"https:\\\/\\\/futerri.cat\\\/en\\\/#organization\"},\"potentialAction\":[{\"@type\":\"SearchAction\",\"target\":{\"@type\":\"EntryPoint\",\"urlTemplate\":\"https:\\\/\\\/futerri.cat\\\/en\\\/?s={search_term_string}\"},\"query-input\":{\"@type\":\"PropertyValueSpecification\",\"valueRequired\":true,\"valueName\":\"search_term_string\"}}],\"inLanguage\":\"en-US\"},{\"@type\":\"Organization\",\"@id\":\"https:\\\/\\\/futerri.cat\\\/en\\\/#organization\",\"name\":\"Futerri Ag\u00e8ncia Creativa\",\"url\":\"https:\\\/\\\/futerri.cat\\\/en\\\/\",\"logo\":{\"@type\":\"ImageObject\",\"inLanguage\":\"en-US\",\"@id\":\"https:\\\/\\\/futerri.cat\\\/en\\\/#\\\/schema\\\/logo\\\/image\\\/\",\"url\":\"https:\\\/\\\/futerri.cat\\\/wp-content\\\/uploads\\\/2022\\\/04\\\/Futerri-agencia-web600-min.gif\",\"contentUrl\":\"https:\\\/\\\/futerri.cat\\\/wp-content\\\/uploads\\\/2022\\\/04\\\/Futerri-agencia-web600-min.gif\",\"width\":600,\"height\":142,\"caption\":\"Futerri Ag\u00e8ncia Creativa\"},\"image\":{\"@id\":\"https:\\\/\\\/futerri.cat\\\/en\\\/#\\\/schema\\\/logo\\\/image\\\/\"},\"sameAs\":[\"https:\\\/\\\/www.facebook.com\\\/futerriagencia\",\"https:\\\/\\\/www.instagram.com\\\/futerri_agencia\\\/\",\"https:\\\/\\\/www.behance.net\\\/Futerri\\\/\",\"https:\\\/\\\/www.linkedin.com\\\/company\\\/72820841\"]}]}<\/script>\n<!-- \/ Yoast SEO plugin. -->","yoast_head_json":{"title":"Privacy Policy Social Networks - Futerri","robots":{"index":"index","follow":"follow","max-snippet":"max-snippet:-1","max-image-preview":"max-image-preview:large","max-video-preview":"max-video-preview:-1"},"canonical":"https:\/\/futerri.cat\/en\/privacy-policy-social-networks\/","og_locale":"en_US","og_type":"article","og_title":"Privacy Policy Social Networks - Futerri","og_description":"It is reported that FUTERRI AC, S.L.U, may have a presence on social networks and the Website may offer links to these social networks, professionals and external web sites and channels. FUTERRI assumes no liability in relation to these linked sites. The user who accesses social networks and external web sites and channels, related to [&hellip;]","og_url":"https:\/\/futerri.cat\/en\/privacy-policy-social-networks\/","og_site_name":"Futerri","article_publisher":"https:\/\/www.facebook.com\/futerriagencia","twitter_card":"summary_large_image","twitter_misc":{"Est. reading time":"3 minutes"},"schema":{"@context":"https:\/\/schema.org","@graph":[{"@type":"WebPage","@id":"https:\/\/futerri.cat\/en\/privacy-policy-social-networks\/","url":"https:\/\/futerri.cat\/en\/privacy-policy-social-networks\/","name":"Privacy Policy Social Networks - Futerri","isPartOf":{"@id":"https:\/\/futerri.cat\/en\/#website"},"datePublished":"2025-10-01T06:41:11+00:00","breadcrumb":{"@id":"https:\/\/futerri.cat\/en\/privacy-policy-social-networks\/#breadcrumb"},"inLanguage":"en-US","potentialAction":[{"@type":"ReadAction","target":["https:\/\/futerri.cat\/en\/privacy-policy-social-networks\/"]}]},{"@type":"BreadcrumbList","@id":"https:\/\/futerri.cat\/en\/privacy-policy-social-networks\/#breadcrumb","itemListElement":[{"@type":"ListItem","position":1,"name":"Inici","item":"https:\/\/futerri.cat\/en\/"},{"@type":"ListItem","position":2,"name":"Privacy Policy Social Networks"}]},{"@type":"WebSite","@id":"https:\/\/futerri.cat\/en\/#website","url":"https:\/\/futerri.cat\/en\/","name":"Futerri Ag\u00e8ncia Creativa","description":"Ag\u00e8ncia Creativa de br\u00e0nding, web i v\u00eddeo.","publisher":{"@id":"https:\/\/futerri.cat\/en\/#organization"},"potentialAction":[{"@type":"SearchAction","target":{"@type":"EntryPoint","urlTemplate":"https:\/\/futerri.cat\/en\/?s={search_term_string}"},"query-input":{"@type":"PropertyValueSpecification","valueRequired":true,"valueName":"search_term_string"}}],"inLanguage":"en-US"},{"@type":"Organization","@id":"https:\/\/futerri.cat\/en\/#organization","name":"Futerri Ag\u00e8ncia Creativa","url":"https:\/\/futerri.cat\/en\/","logo":{"@type":"ImageObject","inLanguage":"en-US","@id":"https:\/\/futerri.cat\/en\/#\/schema\/logo\/image\/","url":"https:\/\/futerri.cat\/wp-content\/uploads\/2022\/04\/Futerri-agencia-web600-min.gif","contentUrl":"https:\/\/futerri.cat\/wp-content\/uploads\/2022\/04\/Futerri-agencia-web600-min.gif","width":600,"height":142,"caption":"Futerri Ag\u00e8ncia Creativa"},"image":{"@id":"https:\/\/futerri.cat\/en\/#\/schema\/logo\/image\/"},"sameAs":["https:\/\/www.facebook.com\/futerriagencia","https:\/\/www.instagram.com\/futerri_agencia\/","https:\/\/www.behance.net\/Futerri\/","https:\/\/www.linkedin.com\/company\/72820841"]}]}},"_links":{"self":[{"href":"https:\/\/futerri.cat\/en\/wp-json\/wp\/v2\/pages\/12403","targetHints":{"allow":["GET"]}}],"collection":[{"href":"https:\/\/futerri.cat\/en\/wp-json\/wp\/v2\/pages"}],"about":[{"href":"https:\/\/futerri.cat\/en\/wp-json\/wp\/v2\/types\/page"}],"author":[{"embeddable":true,"href":"https:\/\/futerri.cat\/en\/wp-json\/wp\/v2\/users\/1"}],"replies":[{"embeddable":true,"href":"https:\/\/futerri.cat\/en\/wp-json\/wp\/v2\/comments?post=12403"}],"version-history":[{"count":0,"href":"https:\/\/futerri.cat\/en\/wp-json\/wp\/v2\/pages\/12403\/revisions"}],"wp:attachment":[{"href":"https:\/\/futerri.cat\/en\/wp-json\/wp\/v2\/media?parent=12403"}],"curies":[{"name":"wp","href":"https:\/\/api.w.org\/{rel}","templated":true}]}}