{"id":9339,"date":"2020-07-11T03:58:39","date_gmt":"2020-07-11T01:58:39","guid":{"rendered":"https:\/\/futerri.cat\/contact\/"},"modified":"2025-02-19T14:34:35","modified_gmt":"2025-02-19T12:34:35","slug":"contact","status":"publish","type":"page","link":"https:\/\/futerri.cat\/en\/contact\/","title":{"rendered":"Contact"},"content":{"rendered":"\t\t<div data-elementor-type=\"wp-page\" data-elementor-id=\"9339\" class=\"elementor elementor-9339 elementor-1487\" data-elementor-settings=\"{&quot;page_masthead_image_height&quot;:{&quot;unit&quot;:&quot;px&quot;,&quot;size&quot;:900,&quot;sizes&quot;:[]},&quot;page_masthead_image_height_tablet&quot;:{&quot;unit&quot;:&quot;vh&quot;,&quot;size&quot;:70,&quot;sizes&quot;:[]},&quot;page_masthead_image_height_mobile&quot;:{&quot;unit&quot;:&quot;vh&quot;,&quot;size&quot;:50,&quot;sizes&quot;:[]},&quot;page_masthead_background_position_x&quot;:{&quot;unit&quot;:&quot;%&quot;,&quot;size&quot;:50,&quot;sizes&quot;:[]},&quot;page_masthead_background_position_x_tablet&quot;:{&quot;unit&quot;:&quot;%&quot;,&quot;size&quot;:50,&quot;sizes&quot;:[]},&quot;page_masthead_background_position_x_mobile&quot;:{&quot;unit&quot;:&quot;%&quot;,&quot;size&quot;:50,&quot;sizes&quot;:[]},&quot;page_masthead_background_position_y&quot;:{&quot;unit&quot;:&quot;%&quot;,&quot;size&quot;:50,&quot;sizes&quot;:[]},&quot;page_masthead_background_position_y_tablet&quot;:{&quot;unit&quot;:&quot;%&quot;,&quot;size&quot;:50,&quot;sizes&quot;:[]},&quot;page_masthead_background_position_y_mobile&quot;:{&quot;unit&quot;:&quot;%&quot;,&quot;size&quot;:50,&quot;sizes&quot;:[]},&quot;rhye_hide_title_disabled&quot;:&quot;yes&quot;}\" data-elementor-post-type=\"page\">\n\t\t\t\t<div class=\"elementor-element elementor-element-ea3a4bf e-con-full bg-light-1 e-flex e-con e-parent\" data-id=\"ea3a4bf\" data-element_type=\"container\" data-e-type=\"container\" data-settings=\"{&quot;theme_section_color&quot;:&quot;bg-light-1&quot;,&quot;background_background&quot;:&quot;classic&quot;}\">\n\t\t<div class=\"elementor-element elementor-element-e1260b4 container-fluid pt-small pb-small e-con-full e-flex e-con e-child\" data-id=\"e1260b4\" data-element_type=\"container\" data-e-type=\"container\" data-settings=\"{&quot;background_background&quot;:&quot;classic&quot;}\">\n\t\t\t\t<div class=\"elementor-element elementor-element-fdbc76a elementor-widget elementor-widget-rhye-widget-project-properties\" data-id=\"fdbc76a\" data-element_type=\"widget\" data-e-type=\"widget\" data-settings=\"{&quot;columns&quot;:&quot;12&quot;,&quot;columns_tablet&quot;:&quot;12&quot;,&quot;columns_mobile&quot;:12}\" data-widget_type=\"rhye-widget-project-properties.default\">\n\t\t\t\t<div class=\"elementor-widget-container\">\n\t\t\t\t\t\n\t\t\t\t\t<div class=\"section section-properties section-content\" data-arts-os-animation=\"true\">\n\t\t\t\t<div class=\"row\">\n\t\t\t\t\t\t\t\t\t\t\t\t\t\t\t\t\t<div class=\"section-properties__item col-lg-12 col-sm-12 col-12\">\n\t\t\t\t\t\t\t<div class=\"figure-info\">\n\t\t\t\t\t\t\t\t<div class=\"figure-info__option h5 split-text js-split-text\" data-split-text-type=\"lines,words\" data-split-text-set=\"words\">\n\t\t\t\t\t\t\t\t\t<div >Location<\/div>\n\t\t\t\t\t\t\t\t<\/div>\n\t\t\t\t\t\t\t\t<div class=\"figure-info__value paragraph split-text js-split-text\" data-split-text-type=\"lines,words\" data-split-text-set=\"words\">\n\t\t\t\t\t\t\t\t\t<div >Carrer Major, 55 Baixos<br>Riudoms 43330<br>Tarragona<\/div>\n\t\t\t\t\t\t\t\t<\/div>\n\t\t\t\t\t\t\t<\/div>\n\t\t\t\t\t\t<\/div>\n\t\t\t\t\t\t\t\t\t\t\t\t\t\t\t\t\t<div class=\"section-properties__item col-lg-12 col-sm-12 col-12\">\n\t\t\t\t\t\t\t<div class=\"figure-info\">\n\t\t\t\t\t\t\t\t<div class=\"figure-info__option h5 split-text js-split-text\" data-split-text-type=\"lines,words\" data-split-text-set=\"words\">\n\t\t\t\t\t\t\t\t\t<div >Let's talk about your project!<\/div>\n\t\t\t\t\t\t\t\t<\/div>\n\t\t\t\t\t\t\t\t<div class=\"figure-info__value paragraph split-text js-split-text\" data-split-text-type=\"lines,words\" data-split-text-set=\"words\">\n\t\t\t\t\t\t\t\t\t<div ><a href=\"mailto:agencia@futerri.cat\">agencia@futerri.cat<\/a><br><a href=\"tel:+34606901914\">+34 606 90 19 14<\/a><br><a href=\"tel:+34977671027\">+34 977 67 10 27<\/a><\/div>\n\t\t\t\t\t\t\t\t<\/div>\n\t\t\t\t\t\t\t<\/div>\n\t\t\t\t\t\t<\/div>\n\t\t\t\t\t\t\t\t\t\t\t\t\t\t\t\t<div class=\"section-properties__item col-lg-12 col-sm-12 col-12\">\n\t\t\t\t\t\t\t<div class=\"figure-info\">\n\t\t\t\t\t\t\t\t\t\t\t\t\t\t\t\t\t\t\t\t\t\t\t\t\t\t<div class=\"figure-info__option h5 split-text js-split-text\" data-split-text-type=\"lines,words\" data-split-text-set=\"words\">\n\t\t\t\t\t\t\t\t\t\t<div >XXSS<\/div>\n\t\t\t\t\t\t\t\t\t<\/div>\n\t\t\t\t\t\t\t\t\t\t\t\t\t\t\t\t\t\t\t\t\t\t\t\t\t<div class=\"figure-info__value paragraph split-text js-split-text\" data-split-text-type=\"lines,words\" data-split-text-set=\"words\">\n\t\t\t\t\t\t\t\t\t\t<ul class=\"social\">\n\t\t\t\t\t\t\t\t\t\t\t\t\t\t\t\t\t\t\t\t\t\t\t<li class=\"social__item\">\n\t\t\t\t\t\t\t\t\t\t\t\t\t\t\t\t\t\t\t\t\t\t\t\t\t\t<a class=\"fa fa-facebook\" href=\"https:\/\/www.facebook.com\/search\/top?q=futerri%20disseny\" target=\"_blank\" rel=\"nofollow\"><\/a>\n\t\t\t\t\t\t\t\t\t\t\t\t<\/li>\n\t\t\t\t\t\t\t\t\t\t\t\t\t\t\t\t\t\t\t\t\t\t\t<li class=\"social__item\">\n\t\t\t\t\t\t\t\t\t\t\t\t\t\t\t\t\t\t\t\t\t\t\t\t\t\t<a class=\"fa fa-instagram\" href=\"https:\/\/www.instagram.com\/futerri_agencia\/\" target=\"_blank\" rel=\"nofollow\"><\/a>\n\t\t\t\t\t\t\t\t\t\t\t\t<\/li>\n\t\t\t\t\t\t\t\t\t\t\t\t\t\t\t\t\t\t\t\t\t\t\t<li class=\"social__item\">\n\t\t\t\t\t\t\t\t\t\t\t\t\t\t\t\t\t\t\t\t\t\t\t\t\t\t<a class=\"fa fa-behance\" href=\"https:\/\/www.behance.net\/Futerri\" target=\"_blank\" rel=\"nofollow\"><\/a>\n\t\t\t\t\t\t\t\t\t\t\t\t<\/li>\n\t\t\t\t\t\t\t\t\t\t\t\t\t\t\t\t\t\t\t\t\t\t\t<li class=\"social__item\">\n\t\t\t\t\t\t\t\t\t\t\t\t\t\t\t\t\t\t\t\t\t\t\t\t\t\t<a class=\"fa fa-youtube\" href=\"https:\/\/www.youtube.com\/@futerri_agencia\" target=\"_blank\" rel=\"nofollow\"><\/a>\n\t\t\t\t\t\t\t\t\t\t\t\t<\/li>\n\t\t\t\t\t\t\t\t\t\t\t\t\t\t\t\t\t\t\t\t\t<\/ul>\n\t\t\t\t\t\t\t\t\t<\/div>\n\t\t\t\t\t\t\t\t\t\t\t\t\t\t\t<\/div>\n\t\t\t\t\t\t<\/div>\n\t\t\t\t\t\t\t\t\t<\/div>\n\t\t\t<\/div>\n\t\t\n\t\t\t\t\t\t<\/div>\n\t\t\t\t<\/div>\n\t\t\t\t<\/div>\n\t\t<div class=\"elementor-element elementor-element-bdcb4bd e-con-full e-flex e-con e-child\" data-id=\"bdcb4bd\" data-element_type=\"container\" data-e-type=\"container\">\n\t\t\t\t<div class=\"elementor-element elementor-element-5180595 elementor-widget elementor-widget-rhye-widget-parallax-background\" data-id=\"5180595\" data-element_type=\"widget\" data-e-type=\"widget\" data-widget_type=\"rhye-widget-parallax-background.default\">\n\t\t\t\t<div class=\"elementor-widget-container\">\n\t\t\t\t\t\n\t\t\t\t\t\t\t\t\t\t\t\t\t\t<div class=\"section section-image section text-center\" data-arts-os-animation=true>\n\t\t\t\t\t\t\t\t\t\t\t\t\t\t<div class=\"section-image__wrapper mask-reveal lazy-bg\" >\n\t\t\t\t\t\t\t\t\t\t\t\t\t<div class=\"mask-reveal__layer mask-reveal__layer-1\">\n\t\t\t\t\t\t<div class=\"mask-reveal__layer mask-reveal__layer-2\">\n\t\t\t\t\t\t\t\t\t\t\t\t\t\t\t\t\t\t<img fetchpriority=\"high\" decoding=\"async\" class=\"of-cover\" src=\"data:image\/png;base64,iVBORw0KGgoAAAANSUhEUgAAAAEAAAABCAQAAAHCGzyUAAAABGdBTUEAALGPC\/xhBQAAADhlWElmTU0AKgAAAAgAAYdpAAQAAAABAAAAGgAAAAAAAqACAAQAAAABAAAAAaADAAQAAAABAAAAAQAAAADa6r\/EAAAAC0lEQVQI12NolQQAASYAn89qhTcAAAAASUVORK5CYII=\" data-id=\"7909\" data-src=\"https:\/\/futerri.cat\/wp-content\/uploads\/2023\/07\/IMG_8354.jpg\" width=\"1125\" height=\"1500\"  data-srcset=\"https:\/\/futerri.cat\/wp-content\/uploads\/2023\/07\/IMG_8354.jpg 1125w, https:\/\/futerri.cat\/wp-content\/uploads\/2023\/07\/IMG_8354-225x300.jpg 225w, https:\/\/futerri.cat\/wp-content\/uploads\/2023\/07\/IMG_8354-768x1024.jpg 768w\"   data-sizes=\"(max-width: 1125px) 100vw, 1125px\"  alt=\"\" \/>\n\t\t\t\t\t\t\t\t\t\t\t\t\t\t\t\t\t\t\t\t\t\t\t\t\t\t\t\t\t\t\t\t\t\t<\/div>\n\t\t\t\t\t<\/div>\n\t\t\t\t\t\t\t\t<\/div>\n\t\t\t\t\t\t\t\t\t\t\t\t\t\t<\/div>\n\t\t\t\t\t\t\t\t\t\n\t\t\t\t\t\t<\/div>\n\t\t\t\t<\/div>\n\t\t\t\t<\/div>\n\t\t<div class=\"elementor-element elementor-element-6049ee0 container-fluid bg-white pt-medium pb-medium e-con-full e-flex e-con e-child\" data-id=\"6049ee0\" data-element_type=\"container\" data-e-type=\"container\" data-settings=\"{&quot;theme_section_color&quot;:&quot;bg-white&quot;,&quot;animation&quot;:&quot;none&quot;}\">\n\t\t\t\t<div class=\"elementor-element elementor-element-824fa56 elementor-widget elementor-widget-shortcode\" data-id=\"824fa56\" data-element_type=\"widget\" data-e-type=\"widget\" data-widget_type=\"shortcode.default\">\n\t\t\t\t<div class=\"elementor-widget-container\">\n\t\t\t\t\t\t\t<div class=\"elementor-shortcode\">\n<div class=\"wpcf7 no-js\" id=\"wpcf7-f10130-o1\" lang=\"en-US\" dir=\"ltr\" data-wpcf7-id=\"10130\">\n<div class=\"screen-reader-response\"><p role=\"status\" aria-live=\"polite\" aria-atomic=\"true\"><\/p> <ul><\/ul><\/div>\n<form action=\"\/en\/wp-json\/wp\/v2\/pages\/9339#wpcf7-f10130-o1\" method=\"post\" class=\"wpcf7-form init\" aria-label=\"Contact form\" novalidate=\"novalidate\" data-status=\"init\">\n<fieldset class=\"hidden-fields-container\"><input type=\"hidden\" name=\"_wpcf7\" value=\"10130\" \/><input type=\"hidden\" name=\"_wpcf7_version\" value=\"6.1.5\" \/><input type=\"hidden\" name=\"_wpcf7_locale\" value=\"en_US\" \/><input type=\"hidden\" name=\"_wpcf7_unit_tag\" value=\"wpcf7-f10130-o1\" \/><input type=\"hidden\" name=\"_wpcf7_container_post\" value=\"0\" \/><input type=\"hidden\" name=\"_wpcf7_posted_data_hash\" value=\"\" \/><input type=\"hidden\" name=\"_wpcf7_recaptcha_response\" value=\"\" \/>\n<\/fieldset>\n<!-- header -->\n<div class=\"row form__row\">\n  <div class=\"col form__col\">\n    <h3 class=\"h4 mt-0 mb-0\">Online message<\/h3>\n  <\/div>\n<\/div>\n<!-- - header -->\n<!-- input name -->\n<div class=\"row form__row\">\n  <div class=\"col form__col\">\n    <label class=\"input-float js-input-float\">\n      <span class=\"wpcf7-form-control-wrap\" data-name=\"your-name\"><input size=\"40\" maxlength=\"400\" class=\"wpcf7-form-control wpcf7-text wpcf7-validates-as-required input-float__input\" aria-required=\"true\" aria-invalid=\"false\" value=\"\" type=\"text\" name=\"your-name\" \/><\/span>\n      <span class=\"input-float__label\">Name<\/span>\n    <\/label>\n  <\/div>\n<\/div>\n<!-- - input name -->\n<!-- input e-mail -->\n<div class=\"row form__row\">\n  <div class=\"col form__col\">\n    <label class=\"input-float js-input-float\">\n      <span class=\"wpcf7-form-control-wrap\" data-name=\"your-email\"><input size=\"40\" maxlength=\"400\" class=\"wpcf7-form-control wpcf7-email wpcf7-validates-as-required wpcf7-text wpcf7-validates-as-email input-float__input\" aria-required=\"true\" aria-invalid=\"false\" value=\"\" type=\"email\" name=\"your-email\" \/><\/span>\n      <span class=\"input-float__label\">Email<\/span>\n    <\/label>\n  <\/div>\n<\/div>\n<!-- - input e-mail -->\n<!-- input #3 -->\n<div class=\"row form__row\">\n  <div class=\"col form__col\">\n    <label class=\"input-float js-input-float\">\n      <span class=\"wpcf7-form-control-wrap\" data-name=\"your-message\"><textarea cols=\"40\" rows=\"3\" maxlength=\"2000\" class=\"wpcf7-form-control wpcf7-textarea input-float__input input-float__input_textarea\" aria-invalid=\"false\" name=\"your-message\"><\/textarea><\/span>\n      <span class=\"input-float__label\">Message<\/span>\n    <\/label>\n  <\/div>\n<\/div>\n<span class=\"wpcf7-form-control-wrap\" data-name=\"checkbox-513\"><span class=\"wpcf7-form-control wpcf7-checkbox wpcf7-validates-as-required\"><span class=\"wpcf7-list-item first last\"><label><input type=\"checkbox\" name=\"checkbox-513[]\" value=\"I have read and accept the information clause on Data Protection.\" \/><span class=\"wpcf7-list-item-label\">I have read and accept the information clause on Data Protection.<\/span><\/label><\/span><\/span><\/span>\n<!-- - input e-mail -->\n<!-- submit -->\n<div class=\"row form__row\">\n  <div class=\"col form__col form__col_submit\">\n    <button class=\"button button_solid bg-dark-1 button_fullwidth\" data-hover=\"Enviar Missatge\" type=\"submit\"><span class=\"button__label-hover\">Send<\/span><\/button>\n  <\/div>\n\n\n\n<\/div>\n<!-- - submit -->\n<br><\/br><div class=\"wpcf7-response-output\" aria-hidden=\"true\"><\/div>\n<\/form>\n<\/div>\n<\/div>\n\t\t\t\t\t\t<\/div>\n\t\t\t\t<\/div>\n\t\t\t\t<\/div>\n\t\t\t\t<\/div>\n\t\t\t\t<\/div>\n\t\t","protected":false},"excerpt":{"rendered":"<p>Location Carrer Major, 55 Baixos Riudoms 43330 Tarragona Let&#8217;s talk about your project?agencia@futerri.cat+34 606 90 19 14+34 977 13 03 51 SM<\/p>\n","protected":false},"author":1,"featured_media":8667,"parent":0,"menu_order":0,"comment_status":"closed","ping_status":"closed","template":"elementor_header_footer","meta":{"_acf_changed":false,"footnotes":""},"class_list":["post-9339","page","type-page","status-publish","has-post-thumbnail","hentry"],"acf":[],"yoast_head":"<!-- This site is optimized with the Yoast SEO plugin v27.4 - https:\/\/yoast.com\/product\/yoast-seo-wordpress\/ -->\n<title>Contact - Futerri<\/title>\n<meta name=\"robots\" content=\"index, follow, max-snippet:-1, max-image-preview:large, max-video-preview:-1\" \/>\n<link rel=\"canonical\" href=\"https:\/\/futerri.cat\/en\/contact\/\" \/>\n<meta property=\"og:locale\" content=\"en_US\" \/>\n<meta property=\"og:type\" content=\"article\" \/>\n<meta property=\"og:title\" content=\"Contact - Futerri\" \/>\n<meta property=\"og:description\" content=\"Location Carrer Major, 55 Baixos Riudoms 43330 Tarragona Let&#8217;s talk about your project?agencia@futerri.cat+34 606 90 19 14+34 977 13 03 51 SM\" \/>\n<meta property=\"og:url\" content=\"https:\/\/futerri.cat\/en\/contact\/\" \/>\n<meta property=\"og:site_name\" content=\"Futerri\" \/>\n<meta property=\"article:publisher\" content=\"https:\/\/www.facebook.com\/futerriagencia\" \/>\n<meta property=\"article:modified_time\" content=\"2025-02-19T12:34:35+00:00\" \/>\n<meta property=\"og:image\" content=\"https:\/\/futerri.cat\/wp-content\/uploads\/2021\/09\/Coworking-Riudoms-scaled.jpg\" \/>\n\t<meta property=\"og:image:width\" content=\"2560\" \/>\n\t<meta property=\"og:image:height\" content=\"1920\" \/>\n\t<meta property=\"og:image:type\" content=\"image\/jpeg\" \/>\n<meta name=\"twitter:card\" content=\"summary_large_image\" \/>\n<meta name=\"twitter:label1\" content=\"Est. reading time\" \/>\n\t<meta name=\"twitter:data1\" content=\"1 minute\" \/>\n<script type=\"application\/ld+json\" class=\"yoast-schema-graph\">{\"@context\":\"https:\\\/\\\/schema.org\",\"@graph\":[{\"@type\":\"WebPage\",\"@id\":\"https:\\\/\\\/futerri.cat\\\/en\\\/contact\\\/\",\"url\":\"https:\\\/\\\/futerri.cat\\\/en\\\/contact\\\/\",\"name\":\"Contact - Futerri\",\"isPartOf\":{\"@id\":\"https:\\\/\\\/futerri.cat\\\/en\\\/#website\"},\"primaryImageOfPage\":{\"@id\":\"https:\\\/\\\/futerri.cat\\\/en\\\/contact\\\/#primaryimage\"},\"image\":{\"@id\":\"https:\\\/\\\/futerri.cat\\\/en\\\/contact\\\/#primaryimage\"},\"thumbnailUrl\":\"https:\\\/\\\/futerri.cat\\\/wp-content\\\/uploads\\\/2021\\\/09\\\/Coworking-Riudoms-scaled.jpg\",\"datePublished\":\"2020-07-11T01:58:39+00:00\",\"dateModified\":\"2025-02-19T12:34:35+00:00\",\"breadcrumb\":{\"@id\":\"https:\\\/\\\/futerri.cat\\\/en\\\/contact\\\/#breadcrumb\"},\"inLanguage\":\"en-US\",\"potentialAction\":[{\"@type\":\"ReadAction\",\"target\":[\"https:\\\/\\\/futerri.cat\\\/en\\\/contact\\\/\"]}]},{\"@type\":\"ImageObject\",\"inLanguage\":\"en-US\",\"@id\":\"https:\\\/\\\/futerri.cat\\\/en\\\/contact\\\/#primaryimage\",\"url\":\"https:\\\/\\\/futerri.cat\\\/wp-content\\\/uploads\\\/2021\\\/09\\\/Coworking-Riudoms-scaled.jpg\",\"contentUrl\":\"https:\\\/\\\/futerri.cat\\\/wp-content\\\/uploads\\\/2021\\\/09\\\/Coworking-Riudoms-scaled.jpg\",\"width\":2560,\"height\":1920},{\"@type\":\"BreadcrumbList\",\"@id\":\"https:\\\/\\\/futerri.cat\\\/en\\\/contact\\\/#breadcrumb\",\"itemListElement\":[{\"@type\":\"ListItem\",\"position\":1,\"name\":\"Inici\",\"item\":\"https:\\\/\\\/futerri.cat\\\/en\\\/\"},{\"@type\":\"ListItem\",\"position\":2,\"name\":\"Contact\"}]},{\"@type\":\"WebSite\",\"@id\":\"https:\\\/\\\/futerri.cat\\\/en\\\/#website\",\"url\":\"https:\\\/\\\/futerri.cat\\\/en\\\/\",\"name\":\"Futerri Ag\u00e8ncia Creativa\",\"description\":\"Ag\u00e8ncia Creativa de br\u00e0nding, web i v\u00eddeo.\",\"publisher\":{\"@id\":\"https:\\\/\\\/futerri.cat\\\/en\\\/#organization\"},\"potentialAction\":[{\"@type\":\"SearchAction\",\"target\":{\"@type\":\"EntryPoint\",\"urlTemplate\":\"https:\\\/\\\/futerri.cat\\\/en\\\/?s={search_term_string}\"},\"query-input\":{\"@type\":\"PropertyValueSpecification\",\"valueRequired\":true,\"valueName\":\"search_term_string\"}}],\"inLanguage\":\"en-US\"},{\"@type\":\"Organization\",\"@id\":\"https:\\\/\\\/futerri.cat\\\/en\\\/#organization\",\"name\":\"Futerri Ag\u00e8ncia Creativa\",\"url\":\"https:\\\/\\\/futerri.cat\\\/en\\\/\",\"logo\":{\"@type\":\"ImageObject\",\"inLanguage\":\"en-US\",\"@id\":\"https:\\\/\\\/futerri.cat\\\/en\\\/#\\\/schema\\\/logo\\\/image\\\/\",\"url\":\"https:\\\/\\\/futerri.cat\\\/wp-content\\\/uploads\\\/2022\\\/04\\\/Futerri-agencia-web600-min.gif\",\"contentUrl\":\"https:\\\/\\\/futerri.cat\\\/wp-content\\\/uploads\\\/2022\\\/04\\\/Futerri-agencia-web600-min.gif\",\"width\":600,\"height\":142,\"caption\":\"Futerri Ag\u00e8ncia Creativa\"},\"image\":{\"@id\":\"https:\\\/\\\/futerri.cat\\\/en\\\/#\\\/schema\\\/logo\\\/image\\\/\"},\"sameAs\":[\"https:\\\/\\\/www.facebook.com\\\/futerriagencia\",\"https:\\\/\\\/www.instagram.com\\\/futerri_agencia\\\/\",\"https:\\\/\\\/www.behance.net\\\/Futerri\\\/\",\"https:\\\/\\\/www.linkedin.com\\\/company\\\/72820841\"]}]}<\/script>\n<!-- \/ Yoast SEO plugin. -->","yoast_head_json":{"title":"Contact - Futerri","robots":{"index":"index","follow":"follow","max-snippet":"max-snippet:-1","max-image-preview":"max-image-preview:large","max-video-preview":"max-video-preview:-1"},"canonical":"https:\/\/futerri.cat\/en\/contact\/","og_locale":"en_US","og_type":"article","og_title":"Contact - Futerri","og_description":"Location Carrer Major, 55 Baixos Riudoms 43330 Tarragona Let&#8217;s talk about your project?agencia@futerri.cat+34 606 90 19 14+34 977 13 03 51 SM","og_url":"https:\/\/futerri.cat\/en\/contact\/","og_site_name":"Futerri","article_publisher":"https:\/\/www.facebook.com\/futerriagencia","article_modified_time":"2025-02-19T12:34:35+00:00","og_image":[{"width":2560,"height":1920,"url":"https:\/\/futerri.cat\/wp-content\/uploads\/2021\/09\/Coworking-Riudoms-scaled.jpg","type":"image\/jpeg"}],"twitter_card":"summary_large_image","twitter_misc":{"Est. reading time":"1 minute"},"schema":{"@context":"https:\/\/schema.org","@graph":[{"@type":"WebPage","@id":"https:\/\/futerri.cat\/en\/contact\/","url":"https:\/\/futerri.cat\/en\/contact\/","name":"Contact - Futerri","isPartOf":{"@id":"https:\/\/futerri.cat\/en\/#website"},"primaryImageOfPage":{"@id":"https:\/\/futerri.cat\/en\/contact\/#primaryimage"},"image":{"@id":"https:\/\/futerri.cat\/en\/contact\/#primaryimage"},"thumbnailUrl":"https:\/\/futerri.cat\/wp-content\/uploads\/2021\/09\/Coworking-Riudoms-scaled.jpg","datePublished":"2020-07-11T01:58:39+00:00","dateModified":"2025-02-19T12:34:35+00:00","breadcrumb":{"@id":"https:\/\/futerri.cat\/en\/contact\/#breadcrumb"},"inLanguage":"en-US","potentialAction":[{"@type":"ReadAction","target":["https:\/\/futerri.cat\/en\/contact\/"]}]},{"@type":"ImageObject","inLanguage":"en-US","@id":"https:\/\/futerri.cat\/en\/contact\/#primaryimage","url":"https:\/\/futerri.cat\/wp-content\/uploads\/2021\/09\/Coworking-Riudoms-scaled.jpg","contentUrl":"https:\/\/futerri.cat\/wp-content\/uploads\/2021\/09\/Coworking-Riudoms-scaled.jpg","width":2560,"height":1920},{"@type":"BreadcrumbList","@id":"https:\/\/futerri.cat\/en\/contact\/#breadcrumb","itemListElement":[{"@type":"ListItem","position":1,"name":"Inici","item":"https:\/\/futerri.cat\/en\/"},{"@type":"ListItem","position":2,"name":"Contact"}]},{"@type":"WebSite","@id":"https:\/\/futerri.cat\/en\/#website","url":"https:\/\/futerri.cat\/en\/","name":"Futerri Ag\u00e8ncia Creativa","description":"Ag\u00e8ncia Creativa de br\u00e0nding, web i v\u00eddeo.","publisher":{"@id":"https:\/\/futerri.cat\/en\/#organization"},"potentialAction":[{"@type":"SearchAction","target":{"@type":"EntryPoint","urlTemplate":"https:\/\/futerri.cat\/en\/?s={search_term_string}"},"query-input":{"@type":"PropertyValueSpecification","valueRequired":true,"valueName":"search_term_string"}}],"inLanguage":"en-US"},{"@type":"Organization","@id":"https:\/\/futerri.cat\/en\/#organization","name":"Futerri Ag\u00e8ncia Creativa","url":"https:\/\/futerri.cat\/en\/","logo":{"@type":"ImageObject","inLanguage":"en-US","@id":"https:\/\/futerri.cat\/en\/#\/schema\/logo\/image\/","url":"https:\/\/futerri.cat\/wp-content\/uploads\/2022\/04\/Futerri-agencia-web600-min.gif","contentUrl":"https:\/\/futerri.cat\/wp-content\/uploads\/2022\/04\/Futerri-agencia-web600-min.gif","width":600,"height":142,"caption":"Futerri Ag\u00e8ncia Creativa"},"image":{"@id":"https:\/\/futerri.cat\/en\/#\/schema\/logo\/image\/"},"sameAs":["https:\/\/www.facebook.com\/futerriagencia","https:\/\/www.instagram.com\/futerri_agencia\/","https:\/\/www.behance.net\/Futerri\/","https:\/\/www.linkedin.com\/company\/72820841"]}]}},"_links":{"self":[{"href":"https:\/\/futerri.cat\/en\/wp-json\/wp\/v2\/pages\/9339","targetHints":{"allow":["GET"]}}],"collection":[{"href":"https:\/\/futerri.cat\/en\/wp-json\/wp\/v2\/pages"}],"about":[{"href":"https:\/\/futerri.cat\/en\/wp-json\/wp\/v2\/types\/page"}],"author":[{"embeddable":true,"href":"https:\/\/futerri.cat\/en\/wp-json\/wp\/v2\/users\/1"}],"replies":[{"embeddable":true,"href":"https:\/\/futerri.cat\/en\/wp-json\/wp\/v2\/comments?post=9339"}],"version-history":[{"count":0,"href":"https:\/\/futerri.cat\/en\/wp-json\/wp\/v2\/pages\/9339\/revisions"}],"wp:featuredmedia":[{"embeddable":true,"href":"https:\/\/futerri.cat\/en\/wp-json\/wp\/v2\/media\/8667"}],"wp:attachment":[{"href":"https:\/\/futerri.cat\/en\/wp-json\/wp\/v2\/media?parent=9339"}],"curies":[{"name":"wp","href":"https:\/\/api.w.org\/{rel}","templated":true}]}}