{"id":10084,"date":"2021-06-12T12:30:47","date_gmt":"2021-06-12T10:30:47","guid":{"rendered":"https:\/\/futerri.cat\/politica-de-privacidad\/"},"modified":"2024-10-08T15:48:57","modified_gmt":"2024-10-08T13:48:57","slug":"politica-de-privacidad","status":"publish","type":"page","link":"https:\/\/futerri.cat\/es\/politica-de-privacidad\/","title":{"rendered":"Pol\u00edtica de privacidad y Protecci\u00f3n de Datos"},"content":{"rendered":"\t\t<div data-elementor-type=\"wp-page\" data-elementor-id=\"10084\" class=\"elementor elementor-10084\" data-elementor-settings=\"{&quot;page_masthead_image_height&quot;:{&quot;unit&quot;:&quot;px&quot;,&quot;size&quot;:900,&quot;sizes&quot;:[]},&quot;page_masthead_image_height_tablet&quot;:{&quot;unit&quot;:&quot;vh&quot;,&quot;size&quot;:70,&quot;sizes&quot;:[]},&quot;page_masthead_image_height_mobile&quot;:{&quot;unit&quot;:&quot;vh&quot;,&quot;size&quot;:50,&quot;sizes&quot;:[]},&quot;page_masthead_background_position_x&quot;:{&quot;unit&quot;:&quot;%&quot;,&quot;size&quot;:50,&quot;sizes&quot;:[]},&quot;page_masthead_background_position_x_tablet&quot;:{&quot;unit&quot;:&quot;%&quot;,&quot;size&quot;:50,&quot;sizes&quot;:[]},&quot;page_masthead_background_position_x_mobile&quot;:{&quot;unit&quot;:&quot;%&quot;,&quot;size&quot;:50,&quot;sizes&quot;:[]},&quot;page_masthead_background_position_y&quot;:{&quot;unit&quot;:&quot;%&quot;,&quot;size&quot;:50,&quot;sizes&quot;:[]},&quot;page_masthead_background_position_y_tablet&quot;:{&quot;unit&quot;:&quot;%&quot;,&quot;size&quot;:50,&quot;sizes&quot;:[]},&quot;page_masthead_background_position_y_mobile&quot;:{&quot;unit&quot;:&quot;%&quot;,&quot;size&quot;:50,&quot;sizes&quot;:[]},&quot;rhye_hide_title_disabled&quot;:&quot;yes&quot;}\" data-elementor-post-type=\"page\">\n\t\t\t\t\t\t<section class=\"elementor-section elementor-top-section elementor-element elementor-element-135f2280 elementor-section-boxed elementor-section-height-default elementor-section-height-default\" data-id=\"135f2280\" data-element_type=\"section\" data-e-type=\"section\">\n\t\t\t\t\t\t<div class=\"elementor-container elementor-column-gap-default\">\n\t\t\t\t\t<div class=\"elementor-column elementor-col-100 elementor-top-column elementor-element elementor-element-659ea4f7\" data-id=\"659ea4f7\" data-element_type=\"column\" data-e-type=\"column\">\n\t\t\t<div class=\"elementor-widget-wrap elementor-element-populated\">\n\t\t\t\t\t\t<div class=\"elementor-element elementor-element-109a9ca5 elementor-widget elementor-widget-text-editor\" data-id=\"109a9ca5\" data-element_type=\"widget\" data-e-type=\"widget\" data-widget_type=\"text-editor.default\">\n\t\t\t\t<div class=\"elementor-widget-container\">\n\t\t\t\t\t\t\t\t\t<p><strong>\u00daltima actualizaci\u00f3n el 08-Oct-2024<\/strong><br><strong>Fecha de efecto 08-Oct-2024<\/strong><\/p>\n<p>Esta Pol\u00edtica de Privacidad describe las pol\u00edticas de Futerri Agencia.<\/p>\n<p>Ubicaci\u00f3n: Calle Major, 55 Baixos, Riudoms, Tarragona 43850, Espanya.<\/p>\n<p>Correo electr\u00f3nico: <a href=\"mailto:agencia@futerri.cat\" rel=\"noopener\">agencia@futerri.cat<\/a><\/p>\n<p>Tel\u00e9fono: <a href=\"tel:+34606901914\">+34 606 90 19 14<\/a><\/p>\n<p>Pol\u00edtica sobre la recopilaci\u00f3n, uso y divulgaci\u00f3n de su informaci\u00f3n que recogemos cuando utiliza nuestro sitio web (<a href=\"https:\/\/futerri.cat\/es\/\" target=\"_new\" rel=\"noopener\">https:\/\/futerri.cat<\/a>). Al acceder o utilizar la web, consiente la recopilaci\u00f3n, uso y divulgaci\u00f3n de su informaci\u00f3n de acuerdo con esta Pol\u00edtica de Privacidad. Si no consiente lo mismo, por favor, no acceda ni utilice la web.  <\/p>\n<p>Podemos modificar esta Pol\u00edtica de Privacidad en cualquier momento sin previo aviso y publicaremos la Pol\u00edtica de Privacidad revisada en el Servicio. La Pol\u00edtica revisada entrar\u00e1 en vigor 180 d\u00edas despu\u00e9s de que se publique en el Servicio y su acceso o uso continuado del Servicio despu\u00e9s de esa fecha constituir\u00e1 la aceptaci\u00f3n de la Pol\u00edtica de Privacidad revisada. Por tanto, le recomendamos que revise peri\u00f3dicamente esta p\u00e1gina.  <\/p>\n<h3>C\u00f3mo utilizamos su informaci\u00f3n:<\/h3>\n<p>Utilizaremos la informaci\u00f3n que recopilamos sobre usted para los siguientes prop\u00f3sitos:<\/p>\n<ul>\n<li><strong>Marketing \/ Promocional<\/strong><\/li>\n<li><strong>Protecci\u00f3n del sitio<\/strong><\/li>\n<\/ul>\n<p>Si queremos utilizar su informaci\u00f3n para cualquier otro prop\u00f3sito, se lo pediremos y utilizaremos su informaci\u00f3n s\u00f3lo al recibir su consentimiento y s\u00f3lo para los prop\u00f3sitos para los que nos otorgue el consentimiento, salvo que estemos obligados a hacerlo por ley.<\/p>\n<h3>C\u00f3mo compartimos su informaci\u00f3n:<\/h3>\n<p>No transferiremos su informaci\u00f3n personal a ning\u00fan tercero sin buscar su consentimiento, excepto en circunstancias limitadas como se describe a continuaci\u00f3n:<\/p>\n<ul>\n<li><strong>Anal\u00edtica<\/strong><br>Requerimos que estos terceros utilicen la informaci\u00f3n personal que los transfiramos s\u00f3lo para el prop\u00f3sito por el que se transfiri\u00f3 y que no la conserven m\u00e1s tiempo del necesario para cumplir con este prop\u00f3sito.<\/li>\n<\/ul>\n<p>Tambi\u00e9n podemos divulgar su informaci\u00f3n personal para los siguientes motivos:<\/p>\n<p>(1) para cumplir con la legislaci\u00f3n, normativa, orden judicial u otro proceso legal aplicable;<\/p>\n<p>(2) para hacer cumplir sus acuerdos con nosotros, incluyendo esta Pol\u00edtica de Privacidad;<\/p>\n<p>(3) para responder a reclamaciones que su uso del Servicio viole los derechos de terceros. Si el Servicio o nuestra empresa se fusiona o es adquirida por otra empresa, su informaci\u00f3n ser\u00e1 uno de los activos que se transfieren al nuevo propietario. <\/p>\n<h3>Sus derechos:<\/h3>\n<p>Depender\u00e1 de la legislaci\u00f3n que se aplique, puede tener derecho a acceder, rectificar o borrar sus datos personales oa recibir una copia de sus datos personales, restringir u oponerse al procesamiento activo de sus datos, pedirnos que compartimos (llevamos) su informaci\u00f3n personal a otra entidad, retirar cualquier consentimiento que nos haya proporcionado para procesar sus datos, derecho a presentar una queja ante una autoridad estatutaria y otros derechos que pueden ser relevantes de acuerdo con las leyes aplicables. Para ejercer estos derechos, puede escribirnos a <a rel=\"noopener\">agencia@futerri.cat<\/a>. Responderemos a su solicitud de acuerdo con la legislaci\u00f3n aplicable.  <\/p>\n<p>Tingueu en compte que si no ens permeteu recopilar o processar la informaci\u00f3 personal requerida o retireu el consentiment per processar la mateixa per als prop\u00f2sits necessaris, potser no podreu accedir o utilitzar els serveis per als quals es va sol\u00b7licitar la vostra informaci\u00f3.<\/p>\n<h3>Cookies Etc.<\/h3>\n<p>Para obtener m\u00e1s informaci\u00f3n sobre c\u00f3mo utilizamos estas tecnolog\u00edas y sus opciones relacionadas con estas tecnolog\u00edas de seguimiento, por favor, consulte nuestra <a href=\"http:\/\/www.futerri.cat\/politica-de-cookies\">Pol\u00edtica de Cookies<\/a>.<\/p>\n<h3>Seguridad:<\/h3>\n<p>La seguridad de su informaci\u00f3n es importante para nosotros y utilizaremos medidas de seguridad razonables para prevenir la p\u00e9rdida, el uso indebido o la alteraci\u00f3n no autorizada de su informaci\u00f3n bajo nuestro control. Sin embargo, dadas los riesgos inherentes, no podemos garantizar una seguridad absoluta y, en consecuencia, no podemos asegurar o garantizar la seguridad de informaci\u00f3n alguna que nos transmita y lo haga bajo su propio riesgo. <\/p>\n<h3>Quejas\/Responsable de la Protecci\u00f3n de Datos:<\/h3>\n<p>Si tiene preguntas o preocupaciones sobre el procesamiento de su informaci\u00f3n que tenemos, puede enviar un correo electr\u00f3nico a nuestro Responsable de Quejas en Futerri Agencia, Calle Mayor, 55 Bajos, Riudoms, correo electr\u00f3nico: <a href=\"mailto:agencia@futerri.cat\" rel=\"noopener\">agencia@futerri.cat<\/a>. Atenderemos sus preocupaciones de acuerdo con la legislaci\u00f3n aplicable. <\/p>\t\t\t\t\t\t\t\t<\/div>\n\t\t\t\t<\/div>\n\t\t\t\t\t<\/div>\n\t\t<\/div>\n\t\t\t\t\t<\/div>\n\t\t<\/section>\n\t\t\t\t<section class=\"elementor-section elementor-top-section elementor-element elementor-element-8402c2f elementor-section-boxed elementor-section-height-default elementor-section-height-default\" data-id=\"8402c2f\" data-element_type=\"section\" data-e-type=\"section\">\n\t\t\t\t\t\t<div class=\"elementor-container elementor-column-gap-default\">\n\t\t\t\t\t<div class=\"elementor-column elementor-col-100 elementor-top-column elementor-element elementor-element-351ce78\" data-id=\"351ce78\" data-element_type=\"column\" data-e-type=\"column\">\n\t\t\t<div class=\"elementor-widget-wrap elementor-element-populated\">\n\t\t\t\t\t\t<div class=\"elementor-element elementor-element-2523395 elementor-widget elementor-widget-text-editor\" data-id=\"2523395\" data-element_type=\"widget\" data-e-type=\"widget\" data-widget_type=\"text-editor.default\">\n\t\t\t\t<div class=\"elementor-widget-container\">\n\t\t\t\t\t\t\t\t\t<h3>Pol\u00edtica de Protecci\u00f3n de Datos<\/h3>\n<p><strong>Fecha entrada en vigor:<\/strong> 08-Oct-2024<br \/><strong>\u00daltima actualizaci\u00f3n:<\/strong> 08-Oct-2024<\/p>\n<h3>Introducci\u00f3n<\/h3>\n<p>En Futerri Ag\u00e8ncia, Carrer Major, 55 Bajos, Riudoms, Tarragona 43850, Espa\u00f1a, nos comprometemos a proteger la privacidad y los datos personales de nuestros usuarios. Esta Pol\u00edtica de Protecci\u00f3n de Datos describe c\u00f3mo recopilamos, utilizamos y protegemos la informaci\u00f3n personal que nos proporcionas cuando utilizas nuestro sitio web (<a href=\"https:\/\/futerri.cat\/es\/\" target=\"_new\" rel=\"noopener\">https:\/\/futerri.cat<\/a>) y nuestros servicios. <\/p>\n<h3>Datos que recopilamos<\/h3>\n<p>Recopilamos distintos tipos de informaci\u00f3n para diversos prop\u00f3sitos con el fin de proporcionar y mejorar nuestros servicios. La informaci\u00f3n que podemos recopilar incluye, pero no se limita a: <\/p>\n<ul>\n<li><strong>Datos de identificaci\u00f3n personal:<\/strong> Nombre, direcci\u00f3n de correo electr\u00f3nico, n\u00famero de tel\u00e9fono, etc.<\/li>\n<li><strong>Datos de uso:<\/strong> Informaci\u00f3n sobre c\u00f3mo se utiliza nuestro sitio web y los servicios ofrecidos.<\/li>\n<li><strong>Datos de cookies:<\/strong> Informaci\u00f3n recopilada a trav\u00e9s de cookies y tecnolog\u00edas similares.<\/li>\n<\/ul>\n<h3>Uso de tus datos<\/h3>\n<p>Futerri Ag\u00e8ncia utiliza los datos recopilados para diversos prop\u00f3sitos:<\/p>\n<ul>\n<li>Para proporcionar y mantener nuestros servicios.<\/li>\n<li>Por notificarte sobre cambios en nuestros servicios.<\/li>\n<li>Por permitirte participar en funciones interactivas de nuestro servicio cuando decidas hacerlo.<\/li>\n<li>Para proporcionar asistencia al cliente.<\/li>\n<li>Para recopilar an\u00e1lisis o informaci\u00f3n valiosa que nos ayude a mejorar nuestro servicio.<\/li>\n<li>Para controlar el uso de nuestro servicio.<\/li>\n<li>Para detectar, prevenir y abordar problemas t\u00e9cnicos.<\/li>\n<li>Para enviar boletines informativos, promociones y otra informaci\u00f3n relacionada, siempre que hayas dado tu consentimiento.<\/li>\n<\/ul>\n<h3>Base legal para el tratamiento de datos<\/h3>\n<p>Nos basamos en las siguientes bases legales para el tratamiento de tus datos personales:<\/p>\n<ul>\n<li><strong>Consentimiento:<\/strong> Cuando has dado su consentimiento para el tratamiento de tus datos personales para un prop\u00f3sito espec\u00edfico.<\/li>\n<li><strong>Ejecuci\u00f3n de un contrato:<\/strong> Cuando el tratamiento es necesario para la ejecuci\u00f3n de un contrato en el que eres parte o para llevar a cabo medidas a tu solicitud antes de celebrar un contrato.<\/li>\n<li><strong>Obligaci\u00f3n legal:<\/strong> Cuando necesitamos cumplir con una obligaci\u00f3n legal.<\/li>\n<li><strong>Intereses leg\u00edtimos:<\/strong> Cuando el tratamiento es necesario para los fondos de los intereses leg\u00edtimos que perseguimos, siempre que no prevalezcan tus derechos e intereses.<\/li>\n<\/ul>\n<h3>Conservaci\u00f3n de los datos<\/h3>\n<p>Conservamos tus datos personales s\u00f3lo durante el tiempo necesario para los fines establecidos en esta Pol\u00edtica de Protecci\u00f3n de Datos. Esto incluye: <\/p>\n<ul>\n<li>90 d\u00edas a 2 a\u00f1os despu\u00e9s de que las cuentas de usuario permanezcan inactivas.<\/li>\n<\/ul>\n<p><span style=\"color: var(--h3-color-dark); font-size: calc(var(--h3-min-font-size) * 1px + (var(--h3-max-font-size) - var(--h3-min-font-size)) * ((100vw - 320px) \/ 1600));\">Derechos del usuario<\/span><\/p>\n<p>Tienes los siguientes derechos en relaci\u00f3n con tus datos personales:<\/p>\n<ul>\n<li><strong>Derecho de acceso:<\/strong> Puedes solicitar copias de tus datos personales.<\/li>\n<li><strong>Derecho a rectificar:<\/strong> Tienes derecho a solicitar que corramos cualquier informaci\u00f3n que consideres incorrecta o incompleta.<\/li>\n<li><strong>Derecho a suprimir:<\/strong> Puedes solicitar que suprimamos tus datos personales, bajo ciertas condiciones.<\/li>\n<li><strong>Derecho a restringir el tratamiento:<\/strong> Tienes derecho a solicitar que restrinjamos el tratamiento de tus datos, bajo ciertas condiciones.<\/li>\n<li><strong>Derecho a la portabilidad de datos:<\/strong> Tienes derecho a solicitar la transferencia de los datos que hemos recopilado en otra organizaci\u00f3n, o directamente a ti, bajo ciertas condiciones.<\/li>\n<\/ul>\n<p>Para ejercitar estos derechos, puedes ponerte en contacto con nosotros en la direcci\u00f3n: <a rel=\"noopener\">agencia@futerri.cat<\/a>.<\/p>\n<h3>Seguridad de los datos<\/h3>\n<p>La seguridad de tus datos es importante para nosotros. Implementamos medidas t\u00e9cnicas y organizativas razonables para proteger tus datos personales contra el acceso no autorizado, alteraci\u00f3n, divulgaci\u00f3n o destrucci\u00f3n. <\/p>\n<h3>Cambios en esta Pol\u00edtica de Protecci\u00f3n de Datos<\/h3>\n<p>Podemos actualizar nuestra Pol\u00edtica de Protecci\u00f3n de Datos de vez en cuando. Te notificaremos sobre cualquier cambio publicando la nueva Pol\u00edtica de Protecci\u00f3n de Datos en esa p\u00e1gina. Te recomendamos que revises esta Pol\u00edtica peri\u00f3dicamente para estar informado sobre c\u00f3mo protegemos tus datos.  <\/p>\n<h3>Contacto<\/h3>\n<p>Si tienes preguntas sobre esta Pol\u00edtica de Protecci\u00f3n de Datos, por favor, cont\u00e1ctanos a trav\u00e9s de:<\/p>\n<ul>\n<li><strong>Correo electr\u00f3nico:<\/strong> <a rel=\"noopener\">agencia@futerri.cat<\/a><\/li>\n<li><strong>Direcci\u00f3n:<\/strong> Carrer Major, 55 Baixos, Riudoms, Tarragona 43850, Espanya.<\/li>\n<li><strong>Tel\u00e9fono:<\/strong> +34606901914<\/li>\n<\/ul>\n\t\t\t\t\t\t\t\t<\/div>\n\t\t\t\t<\/div>\n\t\t\t\t\t<\/div>\n\t\t<\/div>\n\t\t\t\t\t<\/div>\n\t\t<\/section>\n\t\t\t\t<\/div>\n\t\t","protected":false},"excerpt":{"rendered":"<p>\u00daltima actualizaci\u00f3n el 08-Oct-2024Fecha de efecto 08-Oct-2024 Esta Pol\u00edtica de Privacidad describe las pol\u00edticas de Futerri Agencia. Ubicaci\u00f3n: Calle Major, 55 Baixos, Riudoms, Tarragona 43850, Espanya. Correo electr\u00f3nico: agencia@futerri.cat Tel\u00e9fono: +34 606 90 19 14 Pol\u00edtica sobre la recopilaci\u00f3n, uso y divulgaci\u00f3n de su informaci\u00f3n que recogemos cuando utiliza nuestro sitio web (https:\/\/futerri.cat). Al acceder [&hellip;]<\/p>\n","protected":false},"author":1,"featured_media":0,"parent":0,"menu_order":0,"comment_status":"closed","ping_status":"closed","template":"","meta":{"_acf_changed":false,"footnotes":""},"class_list":["post-10084","page","type-page","status-publish","hentry"],"acf":[],"yoast_head":"<!-- This site is optimized with the Yoast SEO plugin v27.5 - https:\/\/yoast.com\/product\/yoast-seo-wordpress\/ -->\n<title>Pol\u00edtica de privacidad y Protecci\u00f3n de Datos - Futerri<\/title>\n<meta name=\"robots\" content=\"index, follow, max-snippet:-1, max-image-preview:large, max-video-preview:-1\" \/>\n<link rel=\"canonical\" href=\"https:\/\/futerri.cat\/es\/politica-de-privacidad\/\" \/>\n<meta property=\"og:locale\" content=\"es_ES\" \/>\n<meta property=\"og:type\" content=\"article\" \/>\n<meta property=\"og:title\" content=\"Pol\u00edtica de privacidad y Protecci\u00f3n de Datos - Futerri\" \/>\n<meta property=\"og:description\" content=\"\u00daltima actualizaci\u00f3n el 08-Oct-2024Fecha de efecto 08-Oct-2024 Esta Pol\u00edtica de Privacidad describe las pol\u00edticas de Futerri Agencia. Ubicaci\u00f3n: Calle Major, 55 Baixos, Riudoms, Tarragona 43850, Espanya. Correo electr\u00f3nico: agencia@futerri.cat Tel\u00e9fono: +34 606 90 19 14 Pol\u00edtica sobre la recopilaci\u00f3n, uso y divulgaci\u00f3n de su informaci\u00f3n que recogemos cuando utiliza nuestro sitio web (https:\/\/futerri.cat). Al acceder [&hellip;]\" \/>\n<meta property=\"og:url\" content=\"https:\/\/futerri.cat\/es\/politica-de-privacidad\/\" \/>\n<meta property=\"og:site_name\" content=\"Futerri\" \/>\n<meta property=\"article:publisher\" content=\"https:\/\/www.facebook.com\/futerriagencia\" \/>\n<meta property=\"article:modified_time\" content=\"2024-10-08T13:48:57+00:00\" \/>\n<meta name=\"twitter:card\" content=\"summary_large_image\" \/>\n<meta name=\"twitter:label1\" content=\"Tiempo de lectura\" \/>\n\t<meta name=\"twitter:data1\" content=\"7 minutos\" \/>\n<script type=\"application\/ld+json\" class=\"yoast-schema-graph\">{\"@context\":\"https:\\\/\\\/schema.org\",\"@graph\":[{\"@type\":\"WebPage\",\"@id\":\"https:\\\/\\\/futerri.cat\\\/es\\\/politica-de-privacidad\\\/\",\"url\":\"https:\\\/\\\/futerri.cat\\\/es\\\/politica-de-privacidad\\\/\",\"name\":\"Pol\u00edtica de privacidad y Protecci\u00f3n de Datos - Futerri\",\"isPartOf\":{\"@id\":\"https:\\\/\\\/futerri.cat\\\/es\\\/#website\"},\"datePublished\":\"2021-06-12T10:30:47+00:00\",\"dateModified\":\"2024-10-08T13:48:57+00:00\",\"breadcrumb\":{\"@id\":\"https:\\\/\\\/futerri.cat\\\/es\\\/politica-de-privacidad\\\/#breadcrumb\"},\"inLanguage\":\"es\",\"potentialAction\":[{\"@type\":\"ReadAction\",\"target\":[\"https:\\\/\\\/futerri.cat\\\/es\\\/politica-de-privacidad\\\/\"]}]},{\"@type\":\"BreadcrumbList\",\"@id\":\"https:\\\/\\\/futerri.cat\\\/es\\\/politica-de-privacidad\\\/#breadcrumb\",\"itemListElement\":[{\"@type\":\"ListItem\",\"position\":1,\"name\":\"Inici\",\"item\":\"https:\\\/\\\/futerri.cat\\\/es\\\/\"},{\"@type\":\"ListItem\",\"position\":2,\"name\":\"Pol\u00edtica de privacidad y Protecci\u00f3n de Datos\"}]},{\"@type\":\"WebSite\",\"@id\":\"https:\\\/\\\/futerri.cat\\\/es\\\/#website\",\"url\":\"https:\\\/\\\/futerri.cat\\\/es\\\/\",\"name\":\"Futerri Ag\u00e8ncia Creativa\",\"description\":\"Ag\u00e8ncia Creativa de br\u00e0nding, web i v\u00eddeo.\",\"publisher\":{\"@id\":\"https:\\\/\\\/futerri.cat\\\/es\\\/#organization\"},\"potentialAction\":[{\"@type\":\"SearchAction\",\"target\":{\"@type\":\"EntryPoint\",\"urlTemplate\":\"https:\\\/\\\/futerri.cat\\\/es\\\/?s={search_term_string}\"},\"query-input\":{\"@type\":\"PropertyValueSpecification\",\"valueRequired\":true,\"valueName\":\"search_term_string\"}}],\"inLanguage\":\"es\"},{\"@type\":\"Organization\",\"@id\":\"https:\\\/\\\/futerri.cat\\\/es\\\/#organization\",\"name\":\"Futerri Ag\u00e8ncia Creativa\",\"url\":\"https:\\\/\\\/futerri.cat\\\/es\\\/\",\"logo\":{\"@type\":\"ImageObject\",\"inLanguage\":\"es\",\"@id\":\"https:\\\/\\\/futerri.cat\\\/es\\\/#\\\/schema\\\/logo\\\/image\\\/\",\"url\":\"https:\\\/\\\/futerri.cat\\\/wp-content\\\/uploads\\\/2022\\\/04\\\/Futerri-agencia-web600-min.gif\",\"contentUrl\":\"https:\\\/\\\/futerri.cat\\\/wp-content\\\/uploads\\\/2022\\\/04\\\/Futerri-agencia-web600-min.gif\",\"width\":600,\"height\":142,\"caption\":\"Futerri Ag\u00e8ncia Creativa\"},\"image\":{\"@id\":\"https:\\\/\\\/futerri.cat\\\/es\\\/#\\\/schema\\\/logo\\\/image\\\/\"},\"sameAs\":[\"https:\\\/\\\/www.facebook.com\\\/futerriagencia\",\"https:\\\/\\\/www.instagram.com\\\/futerri_agencia\\\/\",\"https:\\\/\\\/www.behance.net\\\/Futerri\\\/\",\"https:\\\/\\\/www.linkedin.com\\\/company\\\/72820841\"]}]}<\/script>\n<!-- \/ Yoast SEO plugin. -->","yoast_head_json":{"title":"Pol\u00edtica de privacidad y Protecci\u00f3n de Datos - Futerri","robots":{"index":"index","follow":"follow","max-snippet":"max-snippet:-1","max-image-preview":"max-image-preview:large","max-video-preview":"max-video-preview:-1"},"canonical":"https:\/\/futerri.cat\/es\/politica-de-privacidad\/","og_locale":"es_ES","og_type":"article","og_title":"Pol\u00edtica de privacidad y Protecci\u00f3n de Datos - Futerri","og_description":"\u00daltima actualizaci\u00f3n el 08-Oct-2024Fecha de efecto 08-Oct-2024 Esta Pol\u00edtica de Privacidad describe las pol\u00edticas de Futerri Agencia. Ubicaci\u00f3n: Calle Major, 55 Baixos, Riudoms, Tarragona 43850, Espanya. Correo electr\u00f3nico: agencia@futerri.cat Tel\u00e9fono: +34 606 90 19 14 Pol\u00edtica sobre la recopilaci\u00f3n, uso y divulgaci\u00f3n de su informaci\u00f3n que recogemos cuando utiliza nuestro sitio web (https:\/\/futerri.cat). Al acceder [&hellip;]","og_url":"https:\/\/futerri.cat\/es\/politica-de-privacidad\/","og_site_name":"Futerri","article_publisher":"https:\/\/www.facebook.com\/futerriagencia","article_modified_time":"2024-10-08T13:48:57+00:00","twitter_card":"summary_large_image","twitter_misc":{"Tiempo de lectura":"7 minutos"},"schema":{"@context":"https:\/\/schema.org","@graph":[{"@type":"WebPage","@id":"https:\/\/futerri.cat\/es\/politica-de-privacidad\/","url":"https:\/\/futerri.cat\/es\/politica-de-privacidad\/","name":"Pol\u00edtica de privacidad y Protecci\u00f3n de Datos - Futerri","isPartOf":{"@id":"https:\/\/futerri.cat\/es\/#website"},"datePublished":"2021-06-12T10:30:47+00:00","dateModified":"2024-10-08T13:48:57+00:00","breadcrumb":{"@id":"https:\/\/futerri.cat\/es\/politica-de-privacidad\/#breadcrumb"},"inLanguage":"es","potentialAction":[{"@type":"ReadAction","target":["https:\/\/futerri.cat\/es\/politica-de-privacidad\/"]}]},{"@type":"BreadcrumbList","@id":"https:\/\/futerri.cat\/es\/politica-de-privacidad\/#breadcrumb","itemListElement":[{"@type":"ListItem","position":1,"name":"Inici","item":"https:\/\/futerri.cat\/es\/"},{"@type":"ListItem","position":2,"name":"Pol\u00edtica de privacidad y Protecci\u00f3n de Datos"}]},{"@type":"WebSite","@id":"https:\/\/futerri.cat\/es\/#website","url":"https:\/\/futerri.cat\/es\/","name":"Futerri Ag\u00e8ncia Creativa","description":"Ag\u00e8ncia Creativa de br\u00e0nding, web i v\u00eddeo.","publisher":{"@id":"https:\/\/futerri.cat\/es\/#organization"},"potentialAction":[{"@type":"SearchAction","target":{"@type":"EntryPoint","urlTemplate":"https:\/\/futerri.cat\/es\/?s={search_term_string}"},"query-input":{"@type":"PropertyValueSpecification","valueRequired":true,"valueName":"search_term_string"}}],"inLanguage":"es"},{"@type":"Organization","@id":"https:\/\/futerri.cat\/es\/#organization","name":"Futerri Ag\u00e8ncia Creativa","url":"https:\/\/futerri.cat\/es\/","logo":{"@type":"ImageObject","inLanguage":"es","@id":"https:\/\/futerri.cat\/es\/#\/schema\/logo\/image\/","url":"https:\/\/futerri.cat\/wp-content\/uploads\/2022\/04\/Futerri-agencia-web600-min.gif","contentUrl":"https:\/\/futerri.cat\/wp-content\/uploads\/2022\/04\/Futerri-agencia-web600-min.gif","width":600,"height":142,"caption":"Futerri Ag\u00e8ncia Creativa"},"image":{"@id":"https:\/\/futerri.cat\/es\/#\/schema\/logo\/image\/"},"sameAs":["https:\/\/www.facebook.com\/futerriagencia","https:\/\/www.instagram.com\/futerri_agencia\/","https:\/\/www.behance.net\/Futerri\/","https:\/\/www.linkedin.com\/company\/72820841"]}]}},"_links":{"self":[{"href":"https:\/\/futerri.cat\/es\/wp-json\/wp\/v2\/pages\/10084","targetHints":{"allow":["GET"]}}],"collection":[{"href":"https:\/\/futerri.cat\/es\/wp-json\/wp\/v2\/pages"}],"about":[{"href":"https:\/\/futerri.cat\/es\/wp-json\/wp\/v2\/types\/page"}],"author":[{"embeddable":true,"href":"https:\/\/futerri.cat\/es\/wp-json\/wp\/v2\/users\/1"}],"replies":[{"embeddable":true,"href":"https:\/\/futerri.cat\/es\/wp-json\/wp\/v2\/comments?post=10084"}],"version-history":[{"count":0,"href":"https:\/\/futerri.cat\/es\/wp-json\/wp\/v2\/pages\/10084\/revisions"}],"wp:attachment":[{"href":"https:\/\/futerri.cat\/es\/wp-json\/wp\/v2\/media?parent=10084"}],"curies":[{"name":"wp","href":"https:\/\/api.w.org\/{rel}","templated":true}]}}