{"id":10402,"date":"2024-10-08T12:26:33","date_gmt":"2024-10-08T10:26:33","guid":{"rendered":"https:\/\/futerri.cat\/politica-de-cookies\/"},"modified":"2024-10-08T15:01:36","modified_gmt":"2024-10-08T13:01:36","slug":"politica-de-cookies","status":"publish","type":"page","link":"https:\/\/futerri.cat\/es\/politica-de-cookies\/","title":{"rendered":"Pol\u00edtica de Cookies"},"content":{"rendered":"\t\t<div data-elementor-type=\"wp-page\" data-elementor-id=\"10402\" class=\"elementor elementor-10402 elementor-10373\" data-elementor-settings=\"{&quot;page_masthead_image_height&quot;:{&quot;unit&quot;:&quot;px&quot;,&quot;size&quot;:900,&quot;sizes&quot;:[]},&quot;page_masthead_image_height_tablet&quot;:{&quot;unit&quot;:&quot;vh&quot;,&quot;size&quot;:70,&quot;sizes&quot;:[]},&quot;page_masthead_image_height_mobile&quot;:{&quot;unit&quot;:&quot;vh&quot;,&quot;size&quot;:50,&quot;sizes&quot;:[]},&quot;page_masthead_background_position_x&quot;:{&quot;unit&quot;:&quot;%&quot;,&quot;size&quot;:50,&quot;sizes&quot;:[]},&quot;page_masthead_background_position_x_tablet&quot;:{&quot;unit&quot;:&quot;%&quot;,&quot;size&quot;:50,&quot;sizes&quot;:[]},&quot;page_masthead_background_position_x_mobile&quot;:{&quot;unit&quot;:&quot;%&quot;,&quot;size&quot;:50,&quot;sizes&quot;:[]},&quot;page_masthead_background_position_y&quot;:{&quot;unit&quot;:&quot;%&quot;,&quot;size&quot;:50,&quot;sizes&quot;:[]},&quot;page_masthead_background_position_y_tablet&quot;:{&quot;unit&quot;:&quot;%&quot;,&quot;size&quot;:50,&quot;sizes&quot;:[]},&quot;page_masthead_background_position_y_mobile&quot;:{&quot;unit&quot;:&quot;%&quot;,&quot;size&quot;:50,&quot;sizes&quot;:[]},&quot;rhye_hide_title_disabled&quot;:&quot;yes&quot;}\" data-elementor-post-type=\"page\">\n\t\t\t\t<div class=\"elementor-element elementor-element-828f410 e-flex e-con-boxed e-con e-parent\" data-id=\"828f410\" data-element_type=\"container\" data-e-type=\"container\">\n\t\t\t\t\t<div class=\"e-con-inner\">\n\t\t\t\t<div class=\"elementor-element elementor-element-af7056f elementor-widget elementor-widget-text-editor\" data-id=\"af7056f\" data-element_type=\"widget\" data-e-type=\"widget\" data-widget_type=\"text-editor.default\">\n\t\t\t\t<div class=\"elementor-widget-container\">\n\t\t\t\t\t\t\t\t\t<p><strong>Fecha de efecto:<\/strong> 08-Oct-2024<br \/><strong>\u00daltima actualizaci\u00f3n:<\/strong> 08-Oct-2024<\/p>\n<h2>\u00bfQu\u00e9 son las cookies?<\/h2>\n<p>Esta Pol\u00edtica de Cookies explica qu\u00e9 son las cookies y c\u00f3mo las utilizamos, los tipos de cookies que usamos, es decir, la informaci\u00f3n que recopilamos mediante las cookies y c\u00f3mo se utiliza esa informaci\u00f3n, y c\u00f3mo gestionar la configuraci\u00f3n de cookies.<\/p>\n<p>Las cookies son peque\u00f1os archivos de texto que se utilizan para almacenar peque\u00f1as cantidades de informaci\u00f3n. Se guardan en tu dispositivo cuando se carga el sitio web en tu navegador. Estas cookies nos ayudan a hacer que el sitio web funcione correctamente, a hacerlo m\u00e1s seguro, a proporcionar una mejor experiencia de usuario y a entender c\u00f3mo funciona el sitio web y analizar qu\u00e9 funciona y d\u00f3nde es necesario mejorar.  <\/p>\n<h2>\u00bfC\u00f3mo utilizamos las cookies?<\/h2>\n<p>Como la mayor\u00eda de los servicios en l\u00ednea, nuestro sitio web utiliza cookies de primera y tercera parte para diversos prop\u00f3sitos. Las cookies de primera parte son principalmente necesarias para que el sitio web funcione correctamente y no recopilan ning\u00fan dato que pueda identificarte personalmente. <\/p>\n<p>Las cookies de terceros utilizadas en nuestro sitio web son principalmente para entender c\u00f3mo funciona el sitio web, c\u00f3mo interact\u00faas con nosotros, mantener nuestros servicios seguros, proporcionar publicidad relevante para ti y, en general, ofrecerte una experiencia de usuario mejorada y acelerar tus futuras interacciones con nuestro sitio web.<\/p>\n<h3>Tipos de cookies que utilizamos<\/h3>\n<ul>\n<li>\n<p><strong>Cookies Necesarias:<\/strong> Estas cookies son esenciales para el funcionamiento del sitio web. Sin ellas, no se pueden proporcionar funciones b\u00e1sicas como la navegaci\u00f3n de la p\u00e1gina o el acceso a \u00e1reas seguras del sitio. <\/p>\n<\/li>\n<li>\n<p><strong>Cookies Funcionales:<\/strong> Estas cookies permiten recordar las preferencias de los usuarios, como el idioma seleccionado o las configuraciones personalizadas, mejorando as\u00ed la experiencia en visitas futuras.<\/p>\n<\/li>\n<li>\n<p><strong>Cookies de An\u00e1lisis:<\/strong> Estas cookies se utilizan para recopilar datos sobre el comportamiento de los usuarios en el sitio web, como las p\u00e1ginas visitadas, la duraci\u00f3n de la visita y las interacciones, ayudando a mejorar el rendimiento del sitio y la experiencia del usuario.<\/p>\n<\/li>\n<li>\n<p><strong>Cookies de Rendimiento:<\/strong> Estas cookies se utilizan para recopilar informaci\u00f3n sobre el rendimiento del sitio web, como la velocidad de carga de las p\u00e1ginas y la eficacia de las interacciones.<\/p>\n<\/li>\n<li>\n<p><strong>Cookies de Publicidad:<\/strong> Estas cookies se utilizan para recopilar informaci\u00f3n sobre las preferencias de los usuarios y mostrar anuncios relevantes. Tambi\u00e9n permiten hacer un seguimiento de la eficacia de las campa\u00f1as publicitarias. <\/p>\n<\/li>\n<\/ul>\n<h2>C\u00f3mo gestionar las preferencias de cookies<\/h2>\n<p>Puedes cambiar tus preferencias de cookies en cualquier momento haciendo clic en el bot\u00f3n de configuraci\u00f3n de cookies. Esto te permitir\u00e1 volver a visitar el banner de consentimiento de cookies y cambiar tus preferencias o retirar tu consentimiento de inmediato. <\/p>\n<p>Adem\u00e1s, diferentes navegadores proporcionan distintos m\u00e9todos para bloquear y eliminar las cookies utilizadas por los sitios web. Puedes cambiar la configuraci\u00f3n de tu navegador para bloquear\/eliminar las cookies. A continuaci\u00f3n se muestran los enlaces a los documentos de soporte sobre c\u00f3mo gestionar y eliminar las cookies de los principales navegadores web:  <\/p>\n<ul>\n<li><strong>Chrome:<\/strong> <a href=\"https:\/\/support.google.com\/accounts\/answer\/32050\" target=\"_new\" rel=\"noopener\">Soporte de Chrome<\/a><\/li>\n<li><strong>Safari:<\/strong> <a href=\"https:\/\/support.apple.com\/en-in\/guide\/safari\/sfri11471\/mac\" target=\"_new\" rel=\"noopener\">Gu\u00eda de Safari<\/a><\/li>\n<li><strong>Firefox:<\/strong> <a href=\"https:\/\/support.mozilla.org\/en-US\/kb\/clear-cookies-and-site-data-firefox?redirectslug=delete-cookies-remove-info-websites-stored&amp;redirectlocale=en-US\" target=\"_new\" rel=\"noopener\">Soporte de Mozilla<\/a><\/li>\n<li><strong>Internet Explorer:<\/strong> <a href=\"https:\/\/support.microsoft.com\/en-us\/topic\/how-to-delete-cookie-files-in-internet-explorer-bca9446f-d873-78de-77ba-d42645fa52fc\" target=\"_new\" rel=\"noopener\">Soporte de Microsoft<\/a><\/li>\n<\/ul>\n<p>Si est\u00e1s utilizando cualquier otro navegador web, por favor, visita los documentos de soporte oficiales de tu navegador.<\/p>\n<h2>Contacto<\/h2>\n<p>Si tienes alguna pregunta o duda sobre nuestra Pol\u00edtica de Cookies, puedes ponerte en contacto con nosotros en la direcci\u00f3n de correo electr\u00f3nico: <a rel=\"noopener\">agencia@futerri.cat<\/a>.<\/p>\n\t\t\t\t\t\t\t\t<\/div>\n\t\t\t\t<\/div>\n\t\t\t\t\t<\/div>\n\t\t\t\t<\/div>\n\t\t\t\t<\/div>\n\t\t","protected":false},"excerpt":{"rendered":"<p>Fecha de efecto: 08-Oct-2024\u00daltima actualizaci\u00f3n: 08-Oct-2024 \u00bfQu\u00e9 son las cookies? Esta Pol\u00edtica de Cookies explica qu\u00e9 son las cookies y c\u00f3mo las utilizamos, los tipos de cookies que usamos, es decir, la informaci\u00f3n que recopilamos mediante las cookies y c\u00f3mo se utiliza esa informaci\u00f3n, y c\u00f3mo gestionar la configuraci\u00f3n de cookies. Las cookies son peque\u00f1os [&hellip;]<\/p>\n","protected":false},"author":1,"featured_media":0,"parent":0,"menu_order":0,"comment_status":"closed","ping_status":"closed","template":"","meta":{"_acf_changed":false,"footnotes":""},"class_list":["post-10402","page","type-page","status-publish","hentry"],"acf":[],"yoast_head":"<!-- This site is optimized with the Yoast SEO plugin v27.4 - https:\/\/yoast.com\/product\/yoast-seo-wordpress\/ -->\n<title>Pol\u00edtica de Cookies - Futerri<\/title>\n<meta name=\"robots\" content=\"index, follow, max-snippet:-1, max-image-preview:large, max-video-preview:-1\" \/>\n<link rel=\"canonical\" href=\"https:\/\/futerri.cat\/es\/politica-de-cookies\/\" \/>\n<meta property=\"og:locale\" content=\"es_ES\" \/>\n<meta property=\"og:type\" content=\"article\" \/>\n<meta property=\"og:title\" content=\"Pol\u00edtica de Cookies - Futerri\" \/>\n<meta property=\"og:description\" content=\"Fecha de efecto: 08-Oct-2024\u00daltima actualizaci\u00f3n: 08-Oct-2024 \u00bfQu\u00e9 son las cookies? Esta Pol\u00edtica de Cookies explica qu\u00e9 son las cookies y c\u00f3mo las utilizamos, los tipos de cookies que usamos, es decir, la informaci\u00f3n que recopilamos mediante las cookies y c\u00f3mo se utiliza esa informaci\u00f3n, y c\u00f3mo gestionar la configuraci\u00f3n de cookies. Las cookies son peque\u00f1os [&hellip;]\" \/>\n<meta property=\"og:url\" content=\"https:\/\/futerri.cat\/es\/politica-de-cookies\/\" \/>\n<meta property=\"og:site_name\" content=\"Futerri\" \/>\n<meta property=\"article:publisher\" content=\"https:\/\/www.facebook.com\/futerriagencia\" \/>\n<meta property=\"article:modified_time\" content=\"2024-10-08T13:01:36+00:00\" \/>\n<meta name=\"twitter:card\" content=\"summary_large_image\" \/>\n<meta name=\"twitter:label1\" content=\"Tiempo de lectura\" \/>\n\t<meta name=\"twitter:data1\" content=\"3 minutos\" \/>\n<script type=\"application\/ld+json\" class=\"yoast-schema-graph\">{\"@context\":\"https:\\\/\\\/schema.org\",\"@graph\":[{\"@type\":\"WebPage\",\"@id\":\"https:\\\/\\\/futerri.cat\\\/es\\\/politica-de-cookies\\\/\",\"url\":\"https:\\\/\\\/futerri.cat\\\/es\\\/politica-de-cookies\\\/\",\"name\":\"Pol\u00edtica de Cookies - Futerri\",\"isPartOf\":{\"@id\":\"https:\\\/\\\/futerri.cat\\\/es\\\/#website\"},\"datePublished\":\"2024-10-08T10:26:33+00:00\",\"dateModified\":\"2024-10-08T13:01:36+00:00\",\"breadcrumb\":{\"@id\":\"https:\\\/\\\/futerri.cat\\\/es\\\/politica-de-cookies\\\/#breadcrumb\"},\"inLanguage\":\"es\",\"potentialAction\":[{\"@type\":\"ReadAction\",\"target\":[\"https:\\\/\\\/futerri.cat\\\/es\\\/politica-de-cookies\\\/\"]}]},{\"@type\":\"BreadcrumbList\",\"@id\":\"https:\\\/\\\/futerri.cat\\\/es\\\/politica-de-cookies\\\/#breadcrumb\",\"itemListElement\":[{\"@type\":\"ListItem\",\"position\":1,\"name\":\"Inici\",\"item\":\"https:\\\/\\\/futerri.cat\\\/es\\\/\"},{\"@type\":\"ListItem\",\"position\":2,\"name\":\"Pol\u00edtica de Cookies\"}]},{\"@type\":\"WebSite\",\"@id\":\"https:\\\/\\\/futerri.cat\\\/es\\\/#website\",\"url\":\"https:\\\/\\\/futerri.cat\\\/es\\\/\",\"name\":\"Futerri Ag\u00e8ncia Creativa\",\"description\":\"Ag\u00e8ncia Creativa de br\u00e0nding, web i v\u00eddeo.\",\"publisher\":{\"@id\":\"https:\\\/\\\/futerri.cat\\\/es\\\/#organization\"},\"potentialAction\":[{\"@type\":\"SearchAction\",\"target\":{\"@type\":\"EntryPoint\",\"urlTemplate\":\"https:\\\/\\\/futerri.cat\\\/es\\\/?s={search_term_string}\"},\"query-input\":{\"@type\":\"PropertyValueSpecification\",\"valueRequired\":true,\"valueName\":\"search_term_string\"}}],\"inLanguage\":\"es\"},{\"@type\":\"Organization\",\"@id\":\"https:\\\/\\\/futerri.cat\\\/es\\\/#organization\",\"name\":\"Futerri Ag\u00e8ncia Creativa\",\"url\":\"https:\\\/\\\/futerri.cat\\\/es\\\/\",\"logo\":{\"@type\":\"ImageObject\",\"inLanguage\":\"es\",\"@id\":\"https:\\\/\\\/futerri.cat\\\/es\\\/#\\\/schema\\\/logo\\\/image\\\/\",\"url\":\"https:\\\/\\\/futerri.cat\\\/wp-content\\\/uploads\\\/2022\\\/04\\\/Futerri-agencia-web600-min.gif\",\"contentUrl\":\"https:\\\/\\\/futerri.cat\\\/wp-content\\\/uploads\\\/2022\\\/04\\\/Futerri-agencia-web600-min.gif\",\"width\":600,\"height\":142,\"caption\":\"Futerri Ag\u00e8ncia Creativa\"},\"image\":{\"@id\":\"https:\\\/\\\/futerri.cat\\\/es\\\/#\\\/schema\\\/logo\\\/image\\\/\"},\"sameAs\":[\"https:\\\/\\\/www.facebook.com\\\/futerriagencia\",\"https:\\\/\\\/www.instagram.com\\\/futerri_agencia\\\/\",\"https:\\\/\\\/www.behance.net\\\/Futerri\\\/\",\"https:\\\/\\\/www.linkedin.com\\\/company\\\/72820841\"]}]}<\/script>\n<!-- \/ Yoast SEO plugin. -->","yoast_head_json":{"title":"Pol\u00edtica de Cookies - Futerri","robots":{"index":"index","follow":"follow","max-snippet":"max-snippet:-1","max-image-preview":"max-image-preview:large","max-video-preview":"max-video-preview:-1"},"canonical":"https:\/\/futerri.cat\/es\/politica-de-cookies\/","og_locale":"es_ES","og_type":"article","og_title":"Pol\u00edtica de Cookies - Futerri","og_description":"Fecha de efecto: 08-Oct-2024\u00daltima actualizaci\u00f3n: 08-Oct-2024 \u00bfQu\u00e9 son las cookies? Esta Pol\u00edtica de Cookies explica qu\u00e9 son las cookies y c\u00f3mo las utilizamos, los tipos de cookies que usamos, es decir, la informaci\u00f3n que recopilamos mediante las cookies y c\u00f3mo se utiliza esa informaci\u00f3n, y c\u00f3mo gestionar la configuraci\u00f3n de cookies. Las cookies son peque\u00f1os [&hellip;]","og_url":"https:\/\/futerri.cat\/es\/politica-de-cookies\/","og_site_name":"Futerri","article_publisher":"https:\/\/www.facebook.com\/futerriagencia","article_modified_time":"2024-10-08T13:01:36+00:00","twitter_card":"summary_large_image","twitter_misc":{"Tiempo de lectura":"3 minutos"},"schema":{"@context":"https:\/\/schema.org","@graph":[{"@type":"WebPage","@id":"https:\/\/futerri.cat\/es\/politica-de-cookies\/","url":"https:\/\/futerri.cat\/es\/politica-de-cookies\/","name":"Pol\u00edtica de Cookies - Futerri","isPartOf":{"@id":"https:\/\/futerri.cat\/es\/#website"},"datePublished":"2024-10-08T10:26:33+00:00","dateModified":"2024-10-08T13:01:36+00:00","breadcrumb":{"@id":"https:\/\/futerri.cat\/es\/politica-de-cookies\/#breadcrumb"},"inLanguage":"es","potentialAction":[{"@type":"ReadAction","target":["https:\/\/futerri.cat\/es\/politica-de-cookies\/"]}]},{"@type":"BreadcrumbList","@id":"https:\/\/futerri.cat\/es\/politica-de-cookies\/#breadcrumb","itemListElement":[{"@type":"ListItem","position":1,"name":"Inici","item":"https:\/\/futerri.cat\/es\/"},{"@type":"ListItem","position":2,"name":"Pol\u00edtica de Cookies"}]},{"@type":"WebSite","@id":"https:\/\/futerri.cat\/es\/#website","url":"https:\/\/futerri.cat\/es\/","name":"Futerri Ag\u00e8ncia Creativa","description":"Ag\u00e8ncia Creativa de br\u00e0nding, web i v\u00eddeo.","publisher":{"@id":"https:\/\/futerri.cat\/es\/#organization"},"potentialAction":[{"@type":"SearchAction","target":{"@type":"EntryPoint","urlTemplate":"https:\/\/futerri.cat\/es\/?s={search_term_string}"},"query-input":{"@type":"PropertyValueSpecification","valueRequired":true,"valueName":"search_term_string"}}],"inLanguage":"es"},{"@type":"Organization","@id":"https:\/\/futerri.cat\/es\/#organization","name":"Futerri Ag\u00e8ncia Creativa","url":"https:\/\/futerri.cat\/es\/","logo":{"@type":"ImageObject","inLanguage":"es","@id":"https:\/\/futerri.cat\/es\/#\/schema\/logo\/image\/","url":"https:\/\/futerri.cat\/wp-content\/uploads\/2022\/04\/Futerri-agencia-web600-min.gif","contentUrl":"https:\/\/futerri.cat\/wp-content\/uploads\/2022\/04\/Futerri-agencia-web600-min.gif","width":600,"height":142,"caption":"Futerri Ag\u00e8ncia Creativa"},"image":{"@id":"https:\/\/futerri.cat\/es\/#\/schema\/logo\/image\/"},"sameAs":["https:\/\/www.facebook.com\/futerriagencia","https:\/\/www.instagram.com\/futerri_agencia\/","https:\/\/www.behance.net\/Futerri\/","https:\/\/www.linkedin.com\/company\/72820841"]}]}},"_links":{"self":[{"href":"https:\/\/futerri.cat\/es\/wp-json\/wp\/v2\/pages\/10402","targetHints":{"allow":["GET"]}}],"collection":[{"href":"https:\/\/futerri.cat\/es\/wp-json\/wp\/v2\/pages"}],"about":[{"href":"https:\/\/futerri.cat\/es\/wp-json\/wp\/v2\/types\/page"}],"author":[{"embeddable":true,"href":"https:\/\/futerri.cat\/es\/wp-json\/wp\/v2\/users\/1"}],"replies":[{"embeddable":true,"href":"https:\/\/futerri.cat\/es\/wp-json\/wp\/v2\/comments?post=10402"}],"version-history":[{"count":0,"href":"https:\/\/futerri.cat\/es\/wp-json\/wp\/v2\/pages\/10402\/revisions"}],"wp:attachment":[{"href":"https:\/\/futerri.cat\/es\/wp-json\/wp\/v2\/media?parent=10402"}],"curies":[{"name":"wp","href":"https:\/\/api.w.org\/{rel}","templated":true}]}}